{"id":2713,"date":"2022-06-23T16:11:45","date_gmt":"2022-06-23T13:11:45","guid":{"rendered":"https:\/\/fizyoform.com\/en\/fizyoform-elazig\/"},"modified":"2024-04-09T12:44:43","modified_gmt":"2024-04-09T09:44:43","slug":"fizyoform-elazig","status":"publish","type":"page","link":"https:\/\/fizyoform.com\/en\/fizyoform-elazig\/","title":{"rendered":"Fizyoform Elaz\u0131\u011f"},"content":{"rendered":"<div  class=\"ivan-custom-wrapper full_width row-no-custom-ptop custom-height \"  style=\"height: 300px;background-image: url(https:\/\/fizyoform.com\/wp-content\/uploads\/2022\/06\/sube.png);\"><div data-vc-full-width=\"true\" data-vc-full-width-init=\"false\" class=\"vc_row wpb_row vc_row-fluid vc_custom_1656061594243\">\n\t<div class=\"vc_col-sm-12 wpb_column vc_column_container  vc_custom_1655978480903\"  data-wow-delay=\"0ms\" data-wow-iteration=\"1\" >\n\t\t<div class=\"wpb_wrapper\">\n\t\t\t\n\t<div class=\"wpb_text_column wpb_content_element  vc_custom_1655989291059 vc_1655989291061 \">\n\t\t<div class=\"wpb_wrapper\">\n\t\t\t<p>F\u0130ZYOFORM ELAZI\u011e<\/p>\n\n\t\t<\/div> \n\t<\/div> \n\t\t<\/div> <!-- END .wpb_wrapper -->\n\t<\/div> <!-- END  wpb_column vc_column_container  -->\n<\/div><div class=\"vc_row-full-width\"><\/div><\/div><div  class=\"ivan-custom-wrapper theme_default row-no-custom-ptop custom-height \"  style=\"height: 375px;background-position: right center;background-size: auto;\"><div data-vc-full-width=\"true\" data-vc-full-width-init=\"false\" class=\"vc_row wpb_row vc_row-fluid\">\n\t<div class=\"vc_col-sm-6 vc_hidden-xs wpb_column vc_column_container \"  data-wow-delay=\"0ms\" data-wow-iteration=\"1\" >\n\t\t<div class=\"wpb_wrapper\">\n\t\t\t\n\t<div class=\"wpb_text_column wpb_content_element  vc_custom_1656320731226 vc_1656320731228 \">\n\t\t<div class=\"wpb_wrapper\">\n\t\t\t<p><strong>F\u0130ZYOFORM\u00a0ELAZI\u011e<\/strong><\/p>\n\n\t\t<\/div> \n\t<\/div> <div   class=\"ivan-custom-wrapper \" style=\"margin-bottom: 15px !important;\"><div class=\"vc_row wpb_row vc_inner vc_row-fluid\">\n\t<div class=\"vc_col-sm-2 wpb_column vc_column_container \"  data-wow-delay=\"0ms\">\n\t\t<div class=\"wpb_wrapper\">\n\t\t\t<div\n\tclass=\"vc_icon_element vc_icon_element-outer vc_icon_element-align-center vc_icon_element-have-style\">\n\t<div\n\t\tclass=\"vc_icon_element-inner vc_icon_element-color-custom vc_icon_element-have-style-inner vc_icon_element-size-xs vc_icon_element-style-rounded vc_icon_element-background vc_icon_element-background-color-grey\"><span\n\t\t\tclass=\"vc_icon_element-icon fa fa-map-marker\" style=\"color:#8dc145 !important\"><\/span><\/div>\n<\/div>\n\t\t<\/div> <!-- END .wpb_wrapper -->\n\t<\/div> <!-- END  wpb_column vc_column_container  -->\n\n\t<div class=\"vc_col-sm-10 wpb_column vc_column_container \"  data-wow-delay=\"0ms\">\n\t\t<div class=\"wpb_wrapper\">\n\t\t\t\n\t<div class=\"wpb_text_column wpb_content_element  vc_custom_1661424200861 vc_1661424200863 \">\n\t\t<div class=\"wpb_wrapper\">\n\t\t\t<p>Ata\u015fehir, Zeybekler Sk. No: 50\/1, 23000 Merkez\/Elaz\u0131\u011f<\/p>\n\n\t\t<\/div> \n\t<\/div> \n\t\t<\/div> <!-- END .wpb_wrapper -->\n\t<\/div> <!-- END  wpb_column vc_column_container  -->\n<\/div><\/div><!-- .ivan-custom-wrapper --><div   class=\"ivan-custom-wrapper \" style=\"margin-bottom: 15px !important;\"><div class=\"vc_row wpb_row vc_inner vc_row-fluid\">\n\t<div class=\"vc_col-sm-2 wpb_column vc_column_container \"  data-wow-delay=\"0ms\">\n\t\t<div class=\"wpb_wrapper\">\n\t\t\t<div\n\tclass=\"vc_icon_element vc_icon_element-outer vc_icon_element-align-center vc_icon_element-have-style\">\n\t<div\n\t\tclass=\"vc_icon_element-inner vc_icon_element-color-custom vc_icon_element-have-style-inner vc_icon_element-size-xs vc_icon_element-style-rounded vc_icon_element-background vc_icon_element-background-color-grey\"><span\n\t\t\tclass=\"vc_icon_element-icon fa fa-phone\" style=\"color:#8dc145 !important\"><\/span><\/div>\n<\/div>\n\t\t<\/div> <!-- END .wpb_wrapper -->\n\t<\/div> <!-- END  wpb_column vc_column_container  -->\n\n\t<div class=\"vc_col-sm-10 wpb_column vc_column_container \"  data-wow-delay=\"0ms\">\n\t\t<div class=\"wpb_wrapper\">\n\t\t\t\n\t<div class=\"wpb_text_column wpb_content_element  vc_custom_1656320769525 vc_1656320769525 \">\n\t\t<div class=\"wpb_wrapper\">\n\t\t\t<p><a href=\"tel:+905527906562\">+90 (552) 790 65 62<\/a><\/p>\n\n\t\t<\/div> \n\t<\/div> \n\t\t<\/div> <!-- END .wpb_wrapper -->\n\t<\/div> <!-- END  wpb_column vc_column_container  -->\n<\/div><\/div><!-- .ivan-custom-wrapper --><div   class=\"ivan-custom-wrapper \" style=\"margin-bottom: 15px !important;\"><div class=\"vc_row wpb_row vc_inner vc_row-fluid\">\n\t<div class=\"vc_col-sm-2 wpb_column vc_column_container \"  data-wow-delay=\"0ms\">\n\t\t<div class=\"wpb_wrapper\">\n\t\t\t<div\n\tclass=\"vc_icon_element vc_icon_element-outer vc_icon_element-align-center vc_icon_element-have-style\">\n\t<div\n\t\tclass=\"vc_icon_element-inner vc_icon_element-color-custom vc_icon_element-have-style-inner vc_icon_element-size-xs vc_icon_element-style-rounded vc_icon_element-background vc_icon_element-background-color-grey\"><span\n\t\t\tclass=\"vc_icon_element-icon fa fa-paper-plane-o\" style=\"color:#8dc145 !important\"><\/span><\/div>\n<\/div>\n\t\t<\/div> <!-- END .wpb_wrapper -->\n\t<\/div> <!-- END  wpb_column vc_column_container  -->\n\n\t<div class=\"vc_col-sm-10 wpb_column vc_column_container \"  data-wow-delay=\"0ms\">\n\t\t<div class=\"wpb_wrapper\">\n\t\t\t\n\t<div class=\"wpb_text_column wpb_content_element  vc_custom_1656320776717 vc_1656320776717 \">\n\t\t<div class=\"wpb_wrapper\">\n\t\t\t<p><a href=\"mailto:elazig@fizyoform.com\">elazig@fizyoform.com<\/a><\/p>\n\n\t\t<\/div> \n\t<\/div> \n\t\t<\/div> <!-- END .wpb_wrapper -->\n\t<\/div> <!-- END  wpb_column vc_column_container  -->\n<\/div><\/div><!-- .ivan-custom-wrapper -->\n\t\t<\/div> <!-- END .wpb_wrapper -->\n\t<\/div> <!-- END  wpb_column vc_column_container  -->\n\n\t<div class=\"vc_col-sm-6 wpb_column vc_column_container \" style=\"color:#333333;\"  data-wow-delay=\"0ms\" data-wow-iteration=\"1\" >\n\t\t<div class=\"wpb_wrapper\">\n\t\t\t\n\t<div class=\"wpb_text_column wpb_content_element  vc_custom_1686214243573 vc_1686214243573 \">\n\t\t<div class=\"wpb_wrapper\">\n\t\t\t<p><strong>MAP<\/strong><\/p>\n<div id=\"gtx-trans\" style=\"position: absolute; left: 29px; top: -9px;\"><\/div>\n\n\t\t<\/div> \n\t<\/div> <div class=\"wpb_gmaps_widget wpb_content_element\">\n\t<div class=\"wpb_wrapper\">\n\t<div class=\"wpb_map_wraper\">\n\t\t<iframe src=\"https:\/\/www.google.com\/maps\/embed?pb=!1m18!1m12!1m3!1d3115.5482483683118!2d39.1766854!3d38.6592665!2m3!1f0!2f0!3f0!3m2!1i1024!2i768!4f13.1!3m3!1m2!1s0x4076c1c7f46d1271%3A0x5d1e9a3cbe91bea0!2zRml6eW9mb3JtIEVsYXrEscSf!5e0!3m2!1str!2str!4v1661424074011!5m2!1str!2str\" width=\"600\" height=\"300\" style=\"border:0;\" allowfullscreen=\"\" loading=\"lazy\" referrerpolicy=\"no-referrer-when-downgrade\"><\/iframe>\t<\/div>\n\t<\/div>\t<\/div>\n\t\t<\/div> <!-- END .wpb_wrapper -->\n\t<\/div> <!-- END  wpb_column vc_column_container  -->\n<\/div><div class=\"vc_row-full-width\"><\/div><\/div><div  class=\"ivan-custom-wrapper theme_default row-no-custom-ptop \"  style=\"\"><div class=\"vc_row wpb_row vc_row-fluid\">\n\t<div class=\"vc_col-sm-12 wpb_column vc_column_container \"  data-wow-delay=\"0ms\">\n\t\t<div class=\"wpb_wrapper\">\n\t\t\t\n\t<div class=\"wpb_text_column wpb_content_element  vc_1686214283918 \">\n\t\t<div class=\"wpb_wrapper\">\n\t\t\t<p class=\"p1\">OUR SERVICES IN THIS BRANCH<\/p>\n\n\t\t<\/div> \n\t<\/div> <div   class=\"ivan-custom-wrapper \" style=\"\"><div class=\"vc_row wpb_row vc_inner vc_row-fluid\">\n\t<div class=\"vc_col-sm-6 wpb_column vc_column_container \"  data-wow-delay=\"0ms\">\n\t\t<div class=\"wpb_wrapper\">\n\t\t\t\n\t<div class=\"wpb_text_column wpb_content_element  vc_1694782146770 \">\n\t\t<div class=\"wpb_wrapper\">\n\t\t\t<ul class=\"ul1\">\n<li class=\"li1\">Reformer Pilates<\/li>\n<li class=\"li1\">Clinical Pilates<\/li>\n<li class=\"li1\">Pregnancy Pilates<\/li>\n<li class=\"li1\">Manual Therapy<\/li>\n<li class=\"li1\">Women\u2019s Health<\/li>\n<li class=\"li1\">Men\u2019s Health<\/li>\n<li class=\"li1\">Pelvic Floor Rehabilitation<\/li>\n<\/ul>\n\n\t\t<\/div> \n\t<\/div> \n\t\t<\/div> <!-- END .wpb_wrapper -->\n\t<\/div> <!-- END  wpb_column vc_column_container  -->\n\n\t<div class=\"vc_col-sm-6 wpb_column vc_column_container \"  data-wow-delay=\"0ms\">\n\t\t<div class=\"wpb_wrapper\">\n\t\t\t\n\t<div class=\"wpb_text_column wpb_content_element  vc_1694782134775 \">\n\t\t<div class=\"wpb_wrapper\">\n\t\t\t<ul>\n<li>Orthopedic Rehabilitation<\/li>\n<li class=\"li1\">Brain, Nerve and Spinal Cord Surgery Specialist Online Evaluation<\/li>\n<li class=\"li1\">Orthopedics and Traumatology Specialist Online Evaluation<\/li>\n<li class=\"li1\">Schroth (Scoliosis) Therapy<\/li>\n<li class=\"li1\">Pregnancy School<\/li>\n<li class=\"li1\">Yoga<\/li>\n<li class=\"li1\">Customized Exercise<\/li>\n<\/ul>\n\n\t\t<\/div> \n\t<\/div> \n\t\t<\/div> <!-- END .wpb_wrapper -->\n\t<\/div> <!-- END  wpb_column vc_column_container  -->\n<\/div><\/div><!-- .ivan-custom-wrapper -->\n\t\t<\/div> <!-- END .wpb_wrapper -->\n\t<\/div> <!-- END  wpb_column vc_column_container  -->\n<\/div><\/div><div  class=\"ivan-custom-wrapper theme_default row-no-custom-ptop \"  style=\"\"><div class=\"vc_row wpb_row vc_row-fluid\">\n\t<div class=\"vc_col-sm-12 wpb_column vc_column_container \"  data-wow-delay=\"0ms\">\n\t\t<div class=\"wpb_wrapper\">\n\t\t\t\n\t<div class=\"wpb_text_column wpb_content_element  vc_custom_1686214334760 vc_1686214334760 \">\n\t\t<div class=\"wpb_wrapper\">\n\t\t\t<p><strong>OUR TEAM<\/strong><\/p>\n<div id=\"gtx-trans\" style=\"position: absolute; left: 53px; top: -9px;\"><strong>\u00a0<\/strong><\/div>\n\n\t\t<\/div> \n\t<\/div> \n\t<div class=\"wpb_single_image wpb_content_element vc_align_center\">\n\t\t<div class=\"wpb_wrapper\">\n\t\t\t\n\t\t\t<img loading=\"lazy\" decoding=\"async\" width=\"2048\" height=\"1536\" src=\"https:\/\/fizyoform.com\/wp-content\/uploads\/2022\/06\/Elaz\u0131\u011f.jpeg\" class=\"attachment-full\" alt=\"\" srcset=\"https:\/\/fizyoform.com\/wp-content\/uploads\/2022\/06\/Elaz\u0131\u011f.jpeg 2048w, https:\/\/fizyoform.com\/wp-content\/uploads\/2022\/06\/Elaz\u0131\u011f-480x360.jpeg 480w, https:\/\/fizyoform.com\/wp-content\/uploads\/2022\/06\/Elaz\u0131\u011f-768x576.jpeg 768w, https:\/\/fizyoform.com\/wp-content\/uploads\/2022\/06\/Elaz\u0131\u011f-1200x900.jpeg 1200w, https:\/\/fizyoform.com\/wp-content\/uploads\/2022\/06\/Elaz\u0131\u011f-360x270.jpeg 360w, https:\/\/fizyoform.com\/wp-content\/uploads\/2022\/06\/Elaz\u0131\u011f-780x585.jpeg 780w, https:\/\/fizyoform.com\/wp-content\/uploads\/2022\/06\/Elaz\u0131\u011f-585x439.jpeg 585w, https:\/\/fizyoform.com\/wp-content\/uploads\/2022\/06\/Elaz\u0131\u011f-900x675.jpeg 900w, https:\/\/fizyoform.com\/wp-content\/uploads\/2022\/06\/Elaz\u0131\u011f-880x660.jpeg 880w\" sizes=\"auto, (max-width: 2048px) 100vw, 2048px\" \/>\n\t\t<\/div> \n\t<\/div> \n\t\t<\/div> <!-- END .wpb_wrapper -->\n\t<\/div> <!-- END  wpb_column vc_column_container  -->\n<\/div><\/div><div  class=\"ivan-custom-wrapper theme_default row-no-custom-ptop \"  style=\"\"><div class=\"vc_row wpb_row vc_row-fluid\">\n\t<div class=\"vc_col-sm-12 wpb_column vc_column_container \"  data-wow-delay=\"0ms\">\n\t\t<div class=\"wpb_wrapper\">\n\t\t\t\n\t<div class=\"wpb_text_column wpb_content_element  vc_custom_1686214376674 vc_1686214376674 \">\n\t\t<div class=\"wpb_wrapper\">\n\t\t\t<p style=\"text-align: center;\"><strong>WE WILL CALL YOU!<\/strong><\/p>\n<div id=\"gtx-trans\" style=\"position: absolute; left: 219px; top: -9px;\"><\/div>\n\n\t\t<\/div> \n\t<\/div> \n\t<div class=\"wpb_text_column wpb_content_element  vc_1686214405230 \">\n\t\t<div class=\"wpb_wrapper\">\n\t\t\t<p style=\"text-align: center;\">Leave your information, we will call you as soon as possible for detailed information!<\/p>\n\n\t\t<\/div> \n\t<\/div> <div class=\"ivan-vc-separator vc_separator wpb_content_element small\" style=\"background-color: #f1640e;height: 3px;width: 50px;\"><\/div>\n<div role=\"form\" class=\"wpcf7\" id=\"wpcf7-f2608-o1\" lang=\"tr-TR\" dir=\"ltr\">\n<div class=\"screen-reader-response\"><\/div>\n<form action=\"\/en\/wp-json\/wp\/v2\/pages\/2713#wpcf7-f2608-o1\" method=\"post\" class=\"wpcf7-form\" novalidate=\"novalidate\">\n<div style=\"display: none;\">\n<input type=\"hidden\" name=\"_wpcf7\" value=\"2608\" \/>\n<input type=\"hidden\" name=\"_wpcf7_version\" value=\"4.4.2\" \/>\n<input type=\"hidden\" name=\"_wpcf7_locale\" value=\"tr_TR\" \/>\n<input type=\"hidden\" name=\"_wpcf7_unit_tag\" value=\"wpcf7-f2608-o1\" \/>\n<input type=\"hidden\" name=\"_wpnonce\" value=\"08a4d6fac5\" \/>\n<\/div>\n<div class=\"form-style1\"><span class=\"wpcf7-form-control-wrap adsoyad\"><input type=\"text\" name=\"adsoyad\" value=\"\" size=\"40\" class=\"wpcf7-form-control wpcf7-text wpcf7-validates-as-required\" aria-required=\"true\" aria-invalid=\"false\" placeholder=\"Your Name and Surname\" \/><\/span><\/div>\n<div class=\"form-style1\"><span class=\"wpcf7-form-control-wrap telefon\"><input type=\"text\" name=\"telefon\" value=\"\" size=\"40\" class=\"wpcf7-form-control wpcf7-text wpcf7-validates-as-required\" aria-required=\"true\" aria-invalid=\"false\" placeholder=\"Your Telephone Number\" \/><\/span><\/div>\n<div class=\"form-style1\"><span class=\"wpcf7-form-control-wrap email\"><input type=\"text\" name=\"email\" value=\"\" size=\"40\" class=\"wpcf7-form-control wpcf7-text wpcf7-validates-as-required\" aria-required=\"true\" aria-invalid=\"false\" placeholder=\"Your E-mail Address\" \/><\/span><\/div>\n<p><br><\/p>\n<div class=\"form-acceptance\">\n<span class=\"wpcf7-form-control-wrap kvkk\"><input type=\"checkbox\" name=\"kvkk\" value=\"1\" class=\"wpcf7-form-control wpcf7-acceptance\" aria-invalid=\"false\" \/><\/span><\/p>\n<p>Your personal data is collected and processed to contact you. You can read our <a href=\"https:\/\/fizyoform.com\/en\/clarification-text\/\">Clarification Text<\/a> here regarding the processing of personal data.<\/p>\n<\/div>\n<div class=\"recap\">\n<div class=\"wpcf7-form-control-wrap\"><div data-sitekey=\"6LcuU6YpAAAAAGKWHQq45pqlOakGIhTdGZjBpgvJ\" class=\"wpcf7-form-control g-recaptcha wpcf7-recaptcha\"><\/div>\r\n<noscript>\r\n\t<div style=\"width: 302px; height: 422px;\">\r\n\t\t<div style=\"width: 302px; height: 422px; position: relative;\">\r\n\t\t\t<div style=\"width: 302px; height: 422px; position: absolute;\">\r\n\t\t\t\t<iframe src=\"https:\/\/www.google.com\/recaptcha\/api\/fallback?k=6LcuU6YpAAAAAGKWHQq45pqlOakGIhTdGZjBpgvJ\" frameborder=\"0\" scrolling=\"no\" style=\"width: 302px; height:422px; border-style: none;\">\r\n\t\t\t\t<\/iframe>\r\n\t\t\t<\/div>\r\n\t\t\t<div style=\"width: 300px; height: 60px; border-style: none; bottom: 12px; left: 25px; margin: 0px; padding: 0px; right: 25px; background: #f9f9f9; border: 1px solid #c1c1c1; border-radius: 3px;\">\r\n\t\t\t\t<textarea id=\"g-recaptcha-response\" name=\"g-recaptcha-response\" class=\"g-recaptcha-response\" style=\"width: 250px; height: 40px; border: 1px solid #c1c1c1; margin: 10px 25px; padding: 0px; resize: none;\">\r\n\t\t\t\t<\/textarea>\r\n\t\t\t<\/div>\r\n\t\t<\/div>\r\n\t<\/div>\r\n<\/noscript>\r\n<\/div>\n<\/div>\n<p><center>\n<p><input type=\"submit\" value=\"SEND\" class=\"wpcf7-form-control wpcf7-submit\" \/><\/p>\n<p><\/center><\/p>\n<div class=\"wpcf7-response-output wpcf7-display-none\"><\/div><\/form><\/div>\n\t\t<\/div> <!-- END .wpb_wrapper -->\n\t<\/div> <!-- END  wpb_column vc_column_container  -->\n<\/div><\/div>\n","protected":false},"excerpt":{"rendered":"F\u0130ZYOFORM ELAZI\u011e F\u0130ZYOFORM\u00a0ELAZI\u011e Ata\u015fehir, Zeybekler Sk. No: 50\/1, 23000 Merkez\/Elaz\u0131\u011f +90 (552) 790 65 62 elazig@fizyoform.com MAP OUR SERVICES IN THIS BRANCH Reformer Pilates Clinical Pilates Pregnancy Pilates Manual Therapy Women\u2019s Health Men\u2019s Health Pelvic Floor Rehabilitation Orthopedic Rehabilitation Brain, Nerve and Spinal Cord Surgery Specialist Online Evaluation Orthopedics and Traumatology Specialist Online Evaluation Schroth [...]","protected":false},"author":1,"featured_media":0,"parent":0,"menu_order":0,"comment_status":"closed","ping_status":"closed","template":"","meta":{"footnotes":""},"class_list":["post-2713","page","type-page","status-publish","hentry"],"_links":{"self":[{"href":"https:\/\/fizyoform.com\/en\/wp-json\/wp\/v2\/pages\/2713","targetHints":{"allow":["GET"]}}],"collection":[{"href":"https:\/\/fizyoform.com\/en\/wp-json\/wp\/v2\/pages"}],"about":[{"href":"https:\/\/fizyoform.com\/en\/wp-json\/wp\/v2\/types\/page"}],"author":[{"embeddable":true,"href":"https:\/\/fizyoform.com\/en\/wp-json\/wp\/v2\/users\/1"}],"replies":[{"embeddable":true,"href":"https:\/\/fizyoform.com\/en\/wp-json\/wp\/v2\/comments?post=2713"}],"version-history":[{"count":7,"href":"https:\/\/fizyoform.com\/en\/wp-json\/wp\/v2\/pages\/2713\/revisions"}],"predecessor-version":[{"id":14657,"href":"https:\/\/fizyoform.com\/en\/wp-json\/wp\/v2\/pages\/2713\/revisions\/14657"}],"wp:attachment":[{"href":"https:\/\/fizyoform.com\/en\/wp-json\/wp\/v2\/media?parent=2713"}],"curies":[{"name":"wp","href":"https:\/\/api.w.org\/{rel}","templated":true}]}}