{"id":2777,"date":"2022-06-23T17:09:14","date_gmt":"2022-06-23T14:09:14","guid":{"rendered":"https:\/\/fizyoform.com\/en\/fizyoform-giresun\/"},"modified":"2023-06-08T11:28:50","modified_gmt":"2023-06-08T08:28:50","slug":"fizyoform-giresun","status":"publish","type":"page","link":"https:\/\/fizyoform.com\/en\/fizyoform-giresun\/","title":{"rendered":"Fizyoform Giresun"},"content":{"rendered":"<div  class=\"ivan-custom-wrapper full_width row-no-custom-ptop custom-height \"  style=\"height: 300px;background-image: url(https:\/\/fizyoform.com\/wp-content\/uploads\/2022\/06\/sube.png);\"><div data-vc-full-width=\"true\" data-vc-full-width-init=\"false\" class=\"vc_row wpb_row vc_row-fluid vc_custom_1656062032187\">\n\t<div class=\"vc_col-sm-12 wpb_column vc_column_container  vc_custom_1655978480903\"  data-wow-delay=\"0ms\" data-wow-iteration=\"1\" >\n\t\t<div class=\"wpb_wrapper\">\n\t\t\t\n\t<div class=\"wpb_text_column wpb_content_element  vc_custom_1655992650043 vc_1655992650043 \">\n\t\t<div class=\"wpb_wrapper\">\n\t\t\t<p>F\u0130ZYOFORM G\u0130RESUN<\/p>\n\n\t\t<\/div> \n\t<\/div> \n\t\t<\/div> <!-- END .wpb_wrapper -->\n\t<\/div> <!-- END  wpb_column vc_column_container  -->\n<\/div><div class=\"vc_row-full-width\"><\/div><\/div><div  class=\"ivan-custom-wrapper theme_default row-no-custom-ptop custom-height \"  style=\"height: 375px;background-position: right center;background-size: auto;\"><div data-vc-full-width=\"true\" data-vc-full-width-init=\"false\" class=\"vc_row wpb_row vc_row-fluid\">\n\t<div class=\"vc_col-sm-6 vc_hidden-xs wpb_column vc_column_container \"  data-wow-delay=\"0ms\" data-wow-iteration=\"1\" >\n\t\t<div class=\"wpb_wrapper\">\n\t\t\t\n\t<div class=\"wpb_text_column wpb_content_element  vc_custom_1656326640081 vc_1656326640081 \">\n\t\t<div class=\"wpb_wrapper\">\n\t\t\t<p><strong>F\u0130ZYOFORM G\u0130RESUN<\/strong><\/p>\n\n\t\t<\/div> \n\t<\/div> <div   class=\"ivan-custom-wrapper \" style=\"margin-bottom: 15px !important;\"><div class=\"vc_row wpb_row vc_inner vc_row-fluid\">\n\t<div class=\"vc_col-sm-2 wpb_column vc_column_container \"  data-wow-delay=\"0ms\">\n\t\t<div class=\"wpb_wrapper\">\n\t\t\t<div\n\tclass=\"vc_icon_element vc_icon_element-outer vc_icon_element-align-center vc_icon_element-have-style\">\n\t<div\n\t\tclass=\"vc_icon_element-inner vc_icon_element-color-custom vc_icon_element-have-style-inner vc_icon_element-size-xs vc_icon_element-style-rounded vc_icon_element-background vc_icon_element-background-color-grey\"><span\n\t\t\tclass=\"vc_icon_element-icon fa fa-map-marker\" style=\"color:#8dc145 !important\"><\/span><\/div>\n<\/div>\n\t\t<\/div> <!-- END .wpb_wrapper -->\n\t<\/div> <!-- END  wpb_column vc_column_container  -->\n\n\t<div class=\"vc_col-sm-10 wpb_column vc_column_container \"  data-wow-delay=\"0ms\">\n\t\t<div class=\"wpb_wrapper\">\n\t\t\t\n\t<div class=\"wpb_text_column wpb_content_element  vc_custom_1658260033275 vc_1658260033275 \">\n\t\t<div class=\"wpb_wrapper\">\n\t\t\t<p>Hac\u0131miktat Mah. Suat Akg\u00fcn Sok. Do\u011fu\u015f \u0130n\u015faat \u0130\u015f Merkezi, No:66 D:15, Merkez\/G\u0130RESUN<\/p>\n\n\t\t<\/div> \n\t<\/div> \n\t\t<\/div> <!-- END .wpb_wrapper -->\n\t<\/div> <!-- END  wpb_column vc_column_container  -->\n<\/div><\/div><!-- .ivan-custom-wrapper --><div   class=\"ivan-custom-wrapper \" style=\"margin-bottom: 15px !important;\"><div class=\"vc_row wpb_row vc_inner vc_row-fluid\">\n\t<div class=\"vc_col-sm-2 wpb_column vc_column_container \"  data-wow-delay=\"0ms\">\n\t\t<div class=\"wpb_wrapper\">\n\t\t\t<div\n\tclass=\"vc_icon_element vc_icon_element-outer vc_icon_element-align-center vc_icon_element-have-style\">\n\t<div\n\t\tclass=\"vc_icon_element-inner vc_icon_element-color-custom vc_icon_element-have-style-inner vc_icon_element-size-xs vc_icon_element-style-rounded vc_icon_element-background vc_icon_element-background-color-grey\"><span\n\t\t\tclass=\"vc_icon_element-icon fa fa-phone\" style=\"color:#8dc145 !important\"><\/span><\/div>\n<\/div>\n\t\t<\/div> <!-- END .wpb_wrapper -->\n\t<\/div> <!-- END  wpb_column vc_column_container  -->\n\n\t<div class=\"vc_col-sm-10 wpb_column vc_column_container \"  data-wow-delay=\"0ms\">\n\t\t<div class=\"wpb_wrapper\">\n\t\t\t\n\t<div class=\"wpb_text_column wpb_content_element  vc_custom_1663330295892 vc_1663330295894 \">\n\t\t<div class=\"wpb_wrapper\">\n\t\t\t<p><a href=\"tel:+904543522828\">+90 (454) 352 28 28\u00a0<\/a>\/<a href=\"tel:05013722828\">+90 (501) 372 28 28<\/a><\/p>\n\n\t\t<\/div> \n\t<\/div> \n\t\t<\/div> <!-- END .wpb_wrapper -->\n\t<\/div> <!-- END  wpb_column vc_column_container  -->\n<\/div><\/div><!-- .ivan-custom-wrapper --><div   class=\"ivan-custom-wrapper \" style=\"margin-bottom: 15px !important;\"><div class=\"vc_row wpb_row vc_inner vc_row-fluid\">\n\t<div class=\"vc_col-sm-2 wpb_column vc_column_container \"  data-wow-delay=\"0ms\">\n\t\t<div class=\"wpb_wrapper\">\n\t\t\t<div\n\tclass=\"vc_icon_element vc_icon_element-outer vc_icon_element-align-center vc_icon_element-have-style\">\n\t<div\n\t\tclass=\"vc_icon_element-inner vc_icon_element-color-custom vc_icon_element-have-style-inner vc_icon_element-size-xs vc_icon_element-style-rounded vc_icon_element-background vc_icon_element-background-color-grey\"><span\n\t\t\tclass=\"vc_icon_element-icon fa fa-paper-plane-o\" style=\"color:#8dc145 !important\"><\/span><\/div>\n<\/div>\n\t\t<\/div> <!-- END .wpb_wrapper -->\n\t<\/div> <!-- END  wpb_column vc_column_container  -->\n\n\t<div class=\"vc_col-sm-10 wpb_column vc_column_container \"  data-wow-delay=\"0ms\">\n\t\t<div class=\"wpb_wrapper\">\n\t\t\t\n\t<div class=\"wpb_text_column wpb_content_element  vc_custom_1656326623728 vc_1656326623728 \">\n\t\t<div class=\"wpb_wrapper\">\n\t\t\t<p><a href=\"mailto:giresun@fizyoform.com\">giresun@fizyoform.com<\/a><\/p>\n\n\t\t<\/div> \n\t<\/div> \n\t\t<\/div> <!-- END .wpb_wrapper -->\n\t<\/div> <!-- END  wpb_column vc_column_container  -->\n<\/div><\/div><!-- .ivan-custom-wrapper -->\n\t\t<\/div> <!-- END .wpb_wrapper -->\n\t<\/div> <!-- END  wpb_column vc_column_container  -->\n\n\t<div class=\"vc_col-sm-6 wpb_column vc_column_container \" style=\"color:#333333;\"  data-wow-delay=\"0ms\" data-wow-iteration=\"1\" >\n\t\t<div class=\"wpb_wrapper\">\n\t\t\t\n\t<div class=\"wpb_text_column wpb_content_element  vc_custom_1670230945423 vc_1670230945424 \">\n\t\t<div class=\"wpb_wrapper\">\n\t\t\t<p><strong>MAP<\/strong><\/p>\n<div id=\"gtx-trans\" style=\"position: absolute; left: 24px; top: -9px;\"><\/div>\n\n\t\t<\/div> \n\t<\/div> <div class=\"wpb_gmaps_widget wpb_content_element\">\n\t<div class=\"wpb_wrapper\">\n\t<div class=\"wpb_map_wraper\">\n\t\t<iframe src=\"https:\/\/www.google.com\/maps\/embed?pb=!1m18!1m12!1m3!1d3015.0791863958702!2d38.383456599999995!3d40.914009599999986!2m3!1f0!2f0!3f0!3m2!1i1024!2i768!4f13.1!3m3!1m2!1s0x40636d715946bafb%3A0xd6c5be2b3cb97fbd!2sFizyoform%20Giresun!5e0!3m2!1str!2str!4v1655993257238!5m2!1str!2str\" width=\"600\" height=\"300\" style=\"border:0;\" allowfullscreen=\"\" loading=\"lazy\" referrerpolicy=\"no-referrer-when-downgrade\"><\/iframe>\t<\/div>\n\t<\/div>\t<\/div>\n\t\t<\/div> <!-- END .wpb_wrapper -->\n\t<\/div> <!-- END  wpb_column vc_column_container  -->\n<\/div><div class=\"vc_row-full-width\"><\/div><\/div><div  class=\"ivan-custom-wrapper theme_default row-no-custom-ptop \"  style=\"\"><div class=\"vc_row wpb_row vc_row-fluid\">\n\t<div class=\"vc_col-sm-12 wpb_column vc_column_container \"  data-wow-delay=\"0ms\">\n\t\t<div class=\"wpb_wrapper\">\n\t\t\t\n\t<div class=\"wpb_text_column wpb_content_element  vc_1670230999993 \">\n\t\t<div class=\"wpb_wrapper\">\n\t\t\t<p class=\"p1\"><strong>OUR SERVICES<\/strong> IN THIS BRANCH<\/p>\n\n\t\t<\/div> \n\t<\/div> <div   class=\"ivan-custom-wrapper \" style=\"\"><div class=\"vc_row wpb_row vc_inner vc_row-fluid\">\n\t<div class=\"vc_col-sm-6 wpb_column vc_column_container \"  data-wow-delay=\"0ms\">\n\t\t<div class=\"wpb_wrapper\">\n\t\t\t\n\t<div class=\"wpb_text_column wpb_content_element  vc_1670231076591 \">\n\t\t<div class=\"wpb_wrapper\">\n\t\t\t<ul class=\"ul1\">\n<li class=\"li1\">Reformer Pilates<\/li>\n<li class=\"li1\">Clinical Pilates<\/li>\n<li class=\"li1\">Pregnancy Pilates<\/li>\n<li class=\"li1\">Manual Therapy<\/li>\n<li class=\"li1\">Women&#8217;s Health<\/li>\n<li class=\"li1\">Men&#8217;s Health<\/li>\n<\/ul>\n\n\t\t<\/div> \n\t<\/div> \n\t\t<\/div> <!-- END .wpb_wrapper -->\n\t<\/div> <!-- END  wpb_column vc_column_container  -->\n\n\t<div class=\"vc_col-sm-6 wpb_column vc_column_container \"  data-wow-delay=\"0ms\">\n\t\t<div class=\"wpb_wrapper\">\n\t\t\t\n\t<div class=\"wpb_text_column wpb_content_element  vc_1670231093789 \">\n\t\t<div class=\"wpb_wrapper\">\n\t\t\t<ul class=\"ul1\">\n<li class=\"li1\">Pelvic Floor Rehabilitation<\/li>\n<li class=\"li1\">Orthopedic Rehabilitation<\/li>\n<li class=\"li1\">Brain Nerve and Spinal Cord Surgical Examination<\/li>\n<li class=\"li1\">Schroth (Scoliosis) Therapy<\/li>\n<li class=\"li1\">Customized Exercise<\/li>\n<\/ul>\n\n\t\t<\/div> \n\t<\/div> \n\t\t<\/div> <!-- END .wpb_wrapper -->\n\t<\/div> <!-- END  wpb_column vc_column_container  -->\n<\/div><\/div><!-- .ivan-custom-wrapper -->\n\t\t<\/div> <!-- END .wpb_wrapper -->\n\t<\/div> <!-- END  wpb_column vc_column_container  -->\n<\/div><\/div><div  class=\"ivan-custom-wrapper theme_default row-no-custom-ptop \"  style=\"\"><div class=\"vc_row wpb_row vc_row-fluid\">\n\t<div class=\"vc_col-sm-12 wpb_column vc_column_container \"  data-wow-delay=\"0ms\">\n\t\t<div class=\"wpb_wrapper\">\n\t\t\t\n\t<div class=\"wpb_text_column wpb_content_element  vc_custom_1670231170626 vc_1670231170626 \">\n\t\t<div class=\"wpb_wrapper\">\n\t\t\t<p><b>OUR TEAM<\/b><\/p>\n<div id=\"gtx-trans\" style=\"position: absolute; left: 35px; top: -9px;\"><\/div>\n\n\t\t<\/div> \n\t<\/div> \n\t<div class=\"wpb_single_image wpb_content_element vc_align_center\">\n\t\t<div class=\"wpb_wrapper\">\n\t\t\t\n\t\t\t<img loading=\"lazy\" decoding=\"async\" width=\"1140\" height=\"430\" src=\"https:\/\/fizyoform.com\/wp-content\/uploads\/2022\/06\/Giresun.jpg\" class=\"attachment-full\" alt=\"\" srcset=\"https:\/\/fizyoform.com\/wp-content\/uploads\/2022\/06\/Giresun.jpg 1140w, https:\/\/fizyoform.com\/wp-content\/uploads\/2022\/06\/Giresun-480x181.jpg 480w, https:\/\/fizyoform.com\/wp-content\/uploads\/2022\/06\/Giresun-768x290.jpg 768w, https:\/\/fizyoform.com\/wp-content\/uploads\/2022\/06\/Giresun-780x294.jpg 780w, https:\/\/fizyoform.com\/wp-content\/uploads\/2022\/06\/Giresun-880x332.jpg 880w\" sizes=\"auto, (max-width: 1140px) 100vw, 1140px\" \/>\n\t\t<\/div> \n\t<\/div> \n\t\t<\/div> <!-- END .wpb_wrapper -->\n\t<\/div> <!-- END  wpb_column vc_column_container  -->\n<\/div><\/div><div  class=\"ivan-custom-wrapper theme_default row-no-custom-ptop \"  style=\"\"><div class=\"vc_row wpb_row vc_row-fluid\">\n\t<div class=\"vc_col-sm-12 wpb_column vc_column_container \"  data-wow-delay=\"0ms\">\n\t\t<div class=\"wpb_wrapper\">\n\t\t\t\n\t<div class=\"wpb_text_column wpb_content_element  vc_custom_1670231225475 vc_1670231225475 \">\n\t\t<div class=\"wpb_wrapper\">\n\t\t\t<p style=\"text-align: center;\"><strong>WE WILL CALL YOU!<br \/>\n<\/strong><\/p>\n\n\t\t<\/div> \n\t<\/div> \n\t<div class=\"wpb_text_column wpb_content_element  vc_1670231260808 \">\n\t\t<div class=\"wpb_wrapper\">\n\t\t\t<p style=\"text-align: center;\">Leave your information, we will call you as soon as possible for detailed information!<\/p>\n\n\t\t<\/div> \n\t<\/div> <div class=\"ivan-vc-separator vc_separator wpb_content_element small\" style=\"background-color: #f1640e;height: 3px;width: 50px;\"><\/div>\n<div role=\"form\" class=\"wpcf7\" id=\"wpcf7-f2608-o1\" lang=\"tr-TR\" dir=\"ltr\">\n<div class=\"screen-reader-response\"><\/div>\n<form action=\"\/en\/wp-json\/wp\/v2\/pages\/2777#wpcf7-f2608-o1\" method=\"post\" class=\"wpcf7-form\" novalidate=\"novalidate\">\n<div style=\"display: none;\">\n<input type=\"hidden\" name=\"_wpcf7\" value=\"2608\" \/>\n<input type=\"hidden\" name=\"_wpcf7_version\" value=\"4.4.2\" \/>\n<input type=\"hidden\" name=\"_wpcf7_locale\" value=\"tr_TR\" \/>\n<input type=\"hidden\" name=\"_wpcf7_unit_tag\" value=\"wpcf7-f2608-o1\" \/>\n<input type=\"hidden\" name=\"_wpnonce\" value=\"08a4d6fac5\" \/>\n<\/div>\n<div class=\"form-style1\"><span class=\"wpcf7-form-control-wrap adsoyad\"><input type=\"text\" name=\"adsoyad\" value=\"\" size=\"40\" class=\"wpcf7-form-control wpcf7-text wpcf7-validates-as-required\" aria-required=\"true\" aria-invalid=\"false\" placeholder=\"Your Name and Surname\" \/><\/span><\/div>\n<div class=\"form-style1\"><span class=\"wpcf7-form-control-wrap telefon\"><input type=\"text\" name=\"telefon\" value=\"\" size=\"40\" class=\"wpcf7-form-control wpcf7-text wpcf7-validates-as-required\" aria-required=\"true\" aria-invalid=\"false\" placeholder=\"Your Telephone Number\" \/><\/span><\/div>\n<div class=\"form-style1\"><span class=\"wpcf7-form-control-wrap email\"><input type=\"text\" name=\"email\" value=\"\" size=\"40\" class=\"wpcf7-form-control wpcf7-text wpcf7-validates-as-required\" aria-required=\"true\" aria-invalid=\"false\" placeholder=\"Your E-mail Address\" \/><\/span><\/div>\n<p><br><\/p>\n<div class=\"form-acceptance\">\n<span class=\"wpcf7-form-control-wrap kvkk\"><input type=\"checkbox\" name=\"kvkk\" value=\"1\" class=\"wpcf7-form-control wpcf7-acceptance\" aria-invalid=\"false\" \/><\/span><\/p>\n<p>Your personal data is collected and processed to contact you. You can read our <a href=\"https:\/\/fizyoform.com\/en\/clarification-text\/\">Clarification Text<\/a> here regarding the processing of personal data.<\/p>\n<\/div>\n<div class=\"recap\">\n<div class=\"wpcf7-form-control-wrap\"><div data-sitekey=\"6LcuU6YpAAAAAGKWHQq45pqlOakGIhTdGZjBpgvJ\" class=\"wpcf7-form-control g-recaptcha wpcf7-recaptcha\"><\/div>\r\n<noscript>\r\n\t<div style=\"width: 302px; height: 422px;\">\r\n\t\t<div style=\"width: 302px; height: 422px; position: relative;\">\r\n\t\t\t<div style=\"width: 302px; height: 422px; position: absolute;\">\r\n\t\t\t\t<iframe src=\"https:\/\/www.google.com\/recaptcha\/api\/fallback?k=6LcuU6YpAAAAAGKWHQq45pqlOakGIhTdGZjBpgvJ\" frameborder=\"0\" scrolling=\"no\" style=\"width: 302px; height:422px; border-style: none;\">\r\n\t\t\t\t<\/iframe>\r\n\t\t\t<\/div>\r\n\t\t\t<div style=\"width: 300px; height: 60px; border-style: none; bottom: 12px; left: 25px; margin: 0px; padding: 0px; right: 25px; background: #f9f9f9; border: 1px solid #c1c1c1; border-radius: 3px;\">\r\n\t\t\t\t<textarea id=\"g-recaptcha-response\" name=\"g-recaptcha-response\" class=\"g-recaptcha-response\" style=\"width: 250px; height: 40px; border: 1px solid #c1c1c1; margin: 10px 25px; padding: 0px; resize: none;\">\r\n\t\t\t\t<\/textarea>\r\n\t\t\t<\/div>\r\n\t\t<\/div>\r\n\t<\/div>\r\n<\/noscript>\r\n<\/div>\n<\/div>\n<p><center>\n<p><input type=\"submit\" value=\"SEND\" class=\"wpcf7-form-control wpcf7-submit\" \/><\/p>\n<p><\/center><\/p>\n<div class=\"wpcf7-response-output wpcf7-display-none\"><\/div><\/form><\/div>\n\t\t<\/div> <!-- END .wpb_wrapper -->\n\t<\/div> <!-- END  wpb_column vc_column_container  -->\n<\/div><\/div>\n","protected":false},"excerpt":{"rendered":"F\u0130ZYOFORM G\u0130RESUN F\u0130ZYOFORM G\u0130RESUN Hac\u0131miktat Mah. Suat Akg\u00fcn Sok. Do\u011fu\u015f \u0130n\u015faat \u0130\u015f Merkezi, No:66 D:15, Merkez\/G\u0130RESUN +90 (454) 352 28 28\u00a0\/+90 (501) 372 28 28 giresun@fizyoform.com MAP OUR SERVICES IN THIS BRANCH Reformer Pilates Clinical Pilates Pregnancy Pilates Manual Therapy Women's Health Men's Health Pelvic Floor Rehabilitation Orthopedic Rehabilitation Brain Nerve and Spinal Cord Surgical [...]","protected":false},"author":1,"featured_media":0,"parent":0,"menu_order":0,"comment_status":"closed","ping_status":"closed","template":"","meta":{"footnotes":""},"class_list":["post-2777","page","type-page","status-publish","hentry"],"_links":{"self":[{"href":"https:\/\/fizyoform.com\/en\/wp-json\/wp\/v2\/pages\/2777","targetHints":{"allow":["GET"]}}],"collection":[{"href":"https:\/\/fizyoform.com\/en\/wp-json\/wp\/v2\/pages"}],"about":[{"href":"https:\/\/fizyoform.com\/en\/wp-json\/wp\/v2\/types\/page"}],"author":[{"embeddable":true,"href":"https:\/\/fizyoform.com\/en\/wp-json\/wp\/v2\/users\/1"}],"replies":[{"embeddable":true,"href":"https:\/\/fizyoform.com\/en\/wp-json\/wp\/v2\/comments?post=2777"}],"version-history":[{"count":3,"href":"https:\/\/fizyoform.com\/en\/wp-json\/wp\/v2\/pages\/2777\/revisions"}],"predecessor-version":[{"id":5329,"href":"https:\/\/fizyoform.com\/en\/wp-json\/wp\/v2\/pages\/2777\/revisions\/5329"}],"wp:attachment":[{"href":"https:\/\/fizyoform.com\/en\/wp-json\/wp\/v2\/media?parent=2777"}],"curies":[{"name":"wp","href":"https:\/\/api.w.org\/{rel}","templated":true}]}}