{"id":3367,"date":"2022-06-10T12:30:33","date_gmt":"2022-06-10T09:30:33","guid":{"rendered":"https:\/\/fizyoform.com\/en\/kvkk-politikasi\/"},"modified":"2023-01-10T12:29:31","modified_gmt":"2023-01-10T09:29:31","slug":"pdpl-policy","status":"publish","type":"page","link":"https:\/\/fizyoform.com\/en\/pdpl-policy\/","title":{"rendered":"PDPL Policy"},"content":{"rendered":"<div  class=\"ivan-custom-wrapper full_width row-no-custom-ptop custom-height \"  style=\"height: 300px;background-image: url(https:\/\/fizyoform.com\/wp-content\/uploads\/2022\/06\/banner.png);\"><div data-vc-full-width=\"true\" data-vc-full-width-init=\"false\" class=\"vc_row wpb_row vc_row-fluid\">\n\t<div class=\"vc_col-sm-12 wpb_column vc_column_container  vc_custom_1622795436453\"  data-wow-delay=\"0ms\" data-wow-iteration=\"1\" >\n\t\t<div class=\"wpb_wrapper\">\n\t\t\t\n\t<div class=\"wpb_text_column wpb_content_element  vc_custom_1673342967779 vc_1673342967779 \">\n\t\t<div class=\"wpb_wrapper\">\n\t\t\t<p>PDPL Policy<\/p>\n\n\t\t<\/div> \n\t<\/div> \n\t\t<\/div> <!-- END .wpb_wrapper -->\n\t<\/div> <!-- END  wpb_column vc_column_container  -->\n<\/div><div class=\"vc_row-full-width\"><\/div><\/div><div  class=\"ivan-custom-wrapper theme_default row-no-custom-ptop \"  style=\"\"><div class=\"vc_row wpb_row vc_row-fluid\">\n\t<div class=\"vc_col-sm-12 wpb_column vc_column_container \"  data-wow-delay=\"0ms\">\n\t\t<div class=\"wpb_wrapper\">\n\t\t\t\n\t<div class=\"wpb_text_column wpb_content_element  vc_custom_1673342868449 vc_1673342868450 \">\n\t\t<div class=\"wpb_wrapper\">\n\t\t\t<p style=\"font-weight: 400;\"><strong>F\u0130ZYOFORM FITNESS CENTER<\/strong><br \/>\n<strong>PERSONAL DATA PROTECTION CLARIFICATION TEXT<\/strong><\/p>\n<p style=\"font-weight: 400;\">As Fizyotek Spor Turizm Sa\u011fl\u0131k G\u0131da San. ve Tic. Ltd. \u015eti. (\u201cFizyoform and\/or Company\u201d), we pay great attention to the privacy and security of your personal data with the capacity of Data Controller. With this awareness, we would like to inform you about your personal data processed within the scope of the service provided to you in accordance with the Law on Protection of Personal Data No. 6698 (\u201cLaw and\/or PDPL\u201d) and relevant legislation.<\/p>\n<p style=\"font-weight: 400;\"><strong>1. Your Processed Personal Data<\/strong><\/p>\n<p style=\"font-weight: 400;\">As Fizyoform, we process and maintain the following personal data within the scope of establishing a service relationship with our valued customers, ensuring service continuity, carrying out daily functions and operations, and fulfilling our responsibilities arising from the legislation:<\/p>\n<ul>\n<li style=\"font-weight: 400;\">Your identity information (Name, Surname, T.R. Identity Number and\/or passport number, signature, place of birth, date of birth, age, height, weight, etc.)<\/li>\n<li style=\"font-weight: 400;\">Your contact information (address, phone number, e-mail address and other contact data)<\/li>\n<li style=\"font-weight: 400;\">Customer operation information such as appointment\/registration information, request complaint information, confirmation statement,<\/li>\n<li style=\"font-weight: 400;\">Information on fees, payment and invoicing<\/li>\n<li style=\"font-weight: 400;\">Medical history information, current symptoms, information on whether there is ongoing treatment, drugs used, application\/care\/treatment services and your health information obtained as a result of these<\/li>\n<li style=\"font-weight: 400;\">Your visual records such as photos and videos obtained before and during the process<\/li>\n<li style=\"font-weight: 400;\">Closed circuit security camera recordings (CCTV) obtained during the physical visit<\/li>\n<li style=\"font-weight: 400;\">Your personal data that you transmit to us, including information about your health, via the website, social media and communication platforms on mobile devices.<\/li>\n<li style=\"font-weight: 400;\">Your legal transaction information obtained within the scope of the relevant process in case of a legal process and\/or dispute.<\/li>\n<\/ul>\n<p><strong>2. Purpose and Legal Reason for Processing Your Personal Data<\/strong><\/p>\n<ul>\n<li>Your personal data are processed for the purpose of;<\/li>\n<li>Receiving requests and applications,<\/li>\n<li>Execution and follow-up of registration and appointment processes<\/li>\n<li>Informing you about the appointment, providing information and reminding the appointment<\/li>\n<li>Ensuring and following the service requested in line with your request as a fitness center<\/li>\n<li>Performing and following necessary post-process controls<\/li>\n<li>Carrying out payment tracking and invoicing processes in return for the service you have received,<\/li>\n<li>Carrying out studies for customer satisfaction in order to develop and improve the services we offer to you,<\/li>\n<li>Responding to your questions or complaints regarding our services,<\/li>\n<li>Sharing the requested information in accordance with the relevant legislation and with other public institutions and organizations,<\/li>\n<li>Ensuring physical space security,<\/li>\n<li>Carrying out the activities in accordance with the legislation<\/li>\n<li>Obtaining the necessary information in line with the requests and audits of regulatory and supervisory institutions and official authorities, and following and executing legal processes,<\/li>\n<li>In accordance with the relevant legislation, ensuring that the information required to be kept and financial records are maintained in accordance with the legislation<\/li>\n<\/ul>\n<p>Your personal data are processed based on legal reasons \u201cIt is necessary to process the personal data of the parties to the contract, provided that it is directly related to the establishment or performance of a contract, it is compulsory for the establishment, use and protection of a right and fulfilling our legal obligations, for the legitimate interests of the data controller\u201d as stated in Article 5 of the PDPL. In specific cases where the processing conditions in the Law are not available, we rely on your express consent for the processing of your personal data and health data.<\/p>\n<p><strong>3. Collection Method of Your Personal Data<\/strong><\/p>\n<p>Your personal data are collected by automatic and non-automatic methods through systems such as security cameras, recording the information declared by you and your relatives, specialist doctors, relevant institutions and organizations and learned by our employees in our systems through the information and documents you transmit to our main offices and branches in writing, verbally or electronically via telephone, call center, e-mail, website contact form and other communication channels.<\/p>\n<p><strong>4. Transfer of Your Personal Data<\/strong><\/p>\n<p>Personal data belonging to you may be transferred to your party, your legal representative, authorized persons, your doctor and other health professionals and authorized institutions and organizations within the scope of informing you about the service you receive, and to our suppliers, if necessary, within the scope of the process related to the service infrastructure providers that we receive support in the execution of our services. Apart from these, your personal data can be shared with authorized public institutions and organizations such as Ministries, Directorates within the scope of fulfilling our obligations arising from the legislation and in cases where notification is mandatory, with our lawyers so that we can exercise our right of defense when necessary, and provided that it is in accordance with the law and procedure, with authorized persons and official institutions within the framework of our obligation to fulfill legal requests such as court decisions or evidence requests, and in accordance with legal legislation.<\/p>\n<p><strong>4. Your Rights as a Relevant Person<\/strong><\/p>\n<p>As the relevant person, you have the right to demand in accordance with<\/p>\n<ul>\n<li>Article 11 of the Law;<\/li>\n<li>To learn whether your personal data is processed, to request information if personal data is processed,<\/li>\n<li>To learn the purpose of processing personal data and whether they are used in accordance with its purpose,<\/li>\n<li>To gain knowledge on the third parties to whom personal data is transferred in the country or abroad,<\/li>\n<li>To request correction of personal data in case of incomplete or incorrect processing,<\/li>\n<li>To request the deletion or disposal of personal data,<\/li>\n<li>To request notification of the third parties to whom personal data has been transferred, regarding the correction of personal data and\/or the deletion or disposal of personal data in case of incomplete or incorrect processing of personal data,<\/li>\n<li>To object the emergence of a result against the person himself by analyzing the processed data exclusively through automated systems,<\/li>\n<li>In case of damage incurred due to unlawful processing of personal data,<\/li>\n<\/ul>\n<p><strong>5. Application Methods Regarding Your Rights<\/strong><br \/>\nAs the relevant person, you can submit your requests and notifications regarding PDPL to our Company by filling out the application form on our website, \u201cVital Fulya Plaza Te\u015fvikiye Mah. Hakk\u0131 Yeten Cad. No:23\/9 \u015ei\u015fli \u0130stanbul\u201d by hand or through a notary public, or send an e-mail to kvkk@fizyoform.com<\/p>\n\n\t\t<\/div> \n\t<\/div> \n\t\t<\/div> <!-- END .wpb_wrapper -->\n\t<\/div> <!-- END  wpb_column vc_column_container  -->\n<\/div><\/div>\n","protected":false},"excerpt":{"rendered":"PDPL Policy F\u0130ZYOFORM FITNESS CENTER PERSONAL DATA PROTECTION CLARIFICATION TEXT As Fizyotek Spor Turizm Sa\u011fl\u0131k G\u0131da San. ve Tic. Ltd. \u015eti. (\u201cFizyoform and\/or Company\u201d), we pay great attention to the privacy and security of your personal data with the capacity of Data Controller. With this awareness, we would like to inform you about your personal [...]","protected":false},"author":1,"featured_media":0,"parent":0,"menu_order":0,"comment_status":"closed","ping_status":"closed","template":"","meta":{"footnotes":""},"class_list":["post-3367","page","type-page","status-publish","hentry"],"_links":{"self":[{"href":"https:\/\/fizyoform.com\/en\/wp-json\/wp\/v2\/pages\/3367","targetHints":{"allow":["GET"]}}],"collection":[{"href":"https:\/\/fizyoform.com\/en\/wp-json\/wp\/v2\/pages"}],"about":[{"href":"https:\/\/fizyoform.com\/en\/wp-json\/wp\/v2\/types\/page"}],"author":[{"embeddable":true,"href":"https:\/\/fizyoform.com\/en\/wp-json\/wp\/v2\/users\/1"}],"replies":[{"embeddable":true,"href":"https:\/\/fizyoform.com\/en\/wp-json\/wp\/v2\/comments?post=3367"}],"version-history":[{"count":3,"href":"https:\/\/fizyoform.com\/en\/wp-json\/wp\/v2\/pages\/3367\/revisions"}],"predecessor-version":[{"id":3370,"href":"https:\/\/fizyoform.com\/en\/wp-json\/wp\/v2\/pages\/3367\/revisions\/3370"}],"wp:attachment":[{"href":"https:\/\/fizyoform.com\/en\/wp-json\/wp\/v2\/media?parent=3367"}],"curies":[{"name":"wp","href":"https:\/\/api.w.org\/{rel}","templated":true}]}}