{"id":3374,"date":"2022-06-10T12:11:57","date_gmt":"2022-06-10T09:11:57","guid":{"rendered":"https:\/\/fizyoform.com\/en\/cerez-politikasi\/"},"modified":"2023-01-10T12:52:20","modified_gmt":"2023-01-10T09:52:20","slug":"cookie-policy","status":"publish","type":"page","link":"https:\/\/fizyoform.com\/en\/cookie-policy\/","title":{"rendered":"Cookie Policy"},"content":{"rendered":"<div  class=\"ivan-custom-wrapper full_width row-no-custom-ptop custom-height \"  style=\"height: 300px;background-image: url(https:\/\/fizyoform.com\/wp-content\/uploads\/2022\/06\/banner.png);\"><div data-vc-full-width=\"true\" data-vc-full-width-init=\"false\" class=\"vc_row wpb_row vc_row-fluid\">\n\t<div class=\"vc_col-sm-12 wpb_column vc_column_container  vc_custom_1622795436453\"  data-wow-delay=\"0ms\" data-wow-iteration=\"1\" >\n\t\t<div class=\"wpb_wrapper\">\n\t\t\t\n\t<div class=\"wpb_text_column wpb_content_element  vc_custom_1673344170915 vc_1673344170915 \">\n\t\t<div class=\"wpb_wrapper\">\n\t\t\t<p>COOKIE POLICY<\/p>\n\n\t\t<\/div> \n\t<\/div> \n\t\t<\/div> <!-- END .wpb_wrapper -->\n\t<\/div> <!-- END  wpb_column vc_column_container  -->\n<\/div><div class=\"vc_row-full-width\"><\/div><\/div><div  class=\"ivan-custom-wrapper theme_default row-no-custom-ptop \"  style=\"\"><div class=\"vc_row wpb_row vc_row-fluid\">\n\t<div class=\"vc_col-sm-12 wpb_column vc_column_container \"  data-wow-delay=\"0ms\">\n\t\t<div class=\"wpb_wrapper\">\n\t\t\t\n\t<div class=\"wpb_text_column wpb_content_element  vc_custom_1673344328790 vc_1673344328790 \">\n\t\t<div class=\"wpb_wrapper\">\n\t\t\t<p><strong>COOKIE POLICY<\/strong><br \/>\nThe purpose of this Cookie Policy is to inform you about the processing of personal data obtained through the use of cookies during the operation of our website. For cookies other than the mandatory cookies we use on our website, the express consent of the users is obtained and the opportunity to change their consent at any time is provided. As our users, you can see the types of cookies used on our website through the cookie preference panel, and you can set your preferences with the \u201con\u201d or \u201coff\u201d options for all cookies except for Mandatory Cookies.<\/p>\n<p><strong>What is Cookie?<\/strong><br \/>\nCookies are small bits of data placed on devices (computer, smartphone, mobile phone, tablets) in order to ensure that a website functions properly, to improve user experience, to develop and optimize the site, to serve more relevant, interest-based advertising, to provide an engaging and personalized website\/app and advertising portfolio for visitors.<br \/>\nFor more detailed information about cookies, you can visit http:\/\/www.aboutcookies.org and http:\/\/www.allaboutcookies.org.<\/p>\n<p><strong>Why Cookies Can Be Used?<\/strong><\/p>\n<p>Cookies are used for the purpose of ensuring the proper performance of the website visit and remembering the information in the next use, improving the functioning of the site, statistical evaluation of site usage, presenting the content on the site in the most effective way for you, and ensuring customized services and advertisements to users in line with their preferences and usage habits.<\/p>\n<p><strong>What Are the Types of Cookies?<\/strong><\/p>\n<p>Main purpose of using cookies is to provide convenience to users, and are basically divided in 4 main groups:<\/p>\n<p>Session cookies: These are cookies that allow you to take advantage of various features such as carrying information between internet pages and systematically remembering the information entered by the user, and they are necessary for the functions of the website to function properly.<\/p>\n<p>Performance cookies: These are cookies that collect information about the frequency of visiting the pages, possible error messages, the total time users spend on the relevant page, and the usage patterns of the site, and are used to increase the performance of the website.<\/p>\n<p>Functional cookies: These are cookies that remind the pre-selected options for the convenience of the user and aim to provide advanced internet features to the users within the scope of the website.<\/p>\n<p>Advertising and third-party cookies: These are cookies belonging to third-party suppliers and allow the use of some functions on the website and the tracking of advertisements.<\/p>\n<p><strong>Cookies Used on Our Website<\/strong><\/p>\n<p>Mandatory Cookies: These are used to fulfill an information society service you have requested (log-in, filling out forms and remembering privacy preferences, counting visitors on our website and measuring traffic). Your personal data collected through these cookies are processed under the subparagraph (c) of paragraph (2) of Article 5 of the Law \u201cIt is necessary to process the personal data of the parties to the contract, provided that it is directly related to the establishment or performance of a contract\u201d or subparagraph (f) \u201cData processing is mandatory for the legitimate interests of the data controller, provided that it does not harm the fundamental rights and freedoms of the relevant person\u201d.<\/p>\n<p>Apart from these, there are also cookies called permanent cookies (or persistent cookies) on our website that we do not create directly but are created on our behalf by the tools we use for measurement and analysis. These cookies are used to identify multiple independent sessions. The tools we use do not share the personal data they process with us. The cookies created by these measurement tools have no effect on the operation of the site. The use of cookies through these tools is subject to your consent. If you do not give consent, the site will continue to work without any problems on the visitor&#8217;s device. If you do not give consent, we will not be able to obtain analytical information about your visit.<\/p>\n<p><strong>How Can I Prevent the Use of Cookies?<\/strong><\/p>\n<p>Some mandatory cookies are used for the active and efficient operation of our site. These cookies cannot be disabled. You can change your preferences for cookies other than mandatory cookies at any time in the Cookie Preferences section of our website. You can also enable or disable cookies by changing the settings of your browser. However, in this case, it may not be possible to use some or all functions of the Site.<\/p>\n<p>Browser manufacturers offer help pages for managing cookies in their products. For more information, you can visit the relevant sites:<br \/>\nGoogle Chrome https:\/\/support.google.com\/chrome\/answer\/95647?hl=tr<br \/>\nMozillaFirefox https:\/\/support.mozilla.org\/t5\/forums\/searchpage\/tab\/message?filter=location&amp;location=category%3Atr&amp;q=%C3%A7erez<br \/>\nInternet Explorer https:\/\/support.microsoft.com\/tr-tr\/help\/17442\/windows-internet-explorer-delete-manage-cookies<br \/>\nSafari Computer<br \/>\nhttps:\/\/support.apple.com\/kb\/PH19214?locale=tr_TR&#038;viewlocale=tr_TR<br \/>\nSafari Mobile https:\/\/support.apple.com\/tr-tr\/HT201265<br \/>\nClick to get detailed information about cookies managed by Google Analytics and to turn them off.<\/p>\n<p><strong>Social Media Widgets<\/strong><\/p>\n<p>We can use social media widgets to enable our visitors to interact with the content on the website via various social media such as Facebook, Instagram, Twitter, YouTube, LinkedIn, etc. If you log in to these social media platforms with your own account, we recommend that you review the privacy policies of the relevant platforms.<\/p>\n<p>In addition, the links of third parties on the website are subject to the privacy policies of these third parties, but the responsibility for privacy practices does not belong to the data controller, and in this context, it is recommended to read the privacy policy of the site when visiting the site within the scope of the relevant link.<\/p>\n<p><strong>Relevant Person Requests<\/strong><br \/>\nThe questions and requests of the persons whose personal data are processed through the cookies used on our website can be sent to \u201cVital Fulya Plaza, Te\u015fvikiye Mah. Hakk\u0131 Yeten Cad. No:23 K:9 \u015ei\u015fli\/Istanbul\u201d in writing or by sending an e-mail to kvkk@fizyoform.com via the e-mail address registered in our system.<\/p>\n\n\t\t<\/div> \n\t<\/div> \n\t\t<\/div> <!-- END .wpb_wrapper -->\n\t<\/div> <!-- END  wpb_column vc_column_container  -->\n<\/div><\/div>\n","protected":false},"excerpt":{"rendered":"COOKIE POLICY COOKIE POLICY The purpose of this Cookie Policy is to inform you about the processing of personal data obtained through the use of cookies during the operation of our website. For cookies other than the mandatory cookies we use on our website, the express consent of the users is obtained and the opportunity [...]","protected":false},"author":1,"featured_media":0,"parent":0,"menu_order":0,"comment_status":"closed","ping_status":"closed","template":"","meta":{"footnotes":""},"class_list":["post-3374","page","type-page","status-publish","hentry"],"_links":{"self":[{"href":"https:\/\/fizyoform.com\/en\/wp-json\/wp\/v2\/pages\/3374","targetHints":{"allow":["GET"]}}],"collection":[{"href":"https:\/\/fizyoform.com\/en\/wp-json\/wp\/v2\/pages"}],"about":[{"href":"https:\/\/fizyoform.com\/en\/wp-json\/wp\/v2\/types\/page"}],"author":[{"embeddable":true,"href":"https:\/\/fizyoform.com\/en\/wp-json\/wp\/v2\/users\/1"}],"replies":[{"embeddable":true,"href":"https:\/\/fizyoform.com\/en\/wp-json\/wp\/v2\/comments?post=3374"}],"version-history":[{"count":2,"href":"https:\/\/fizyoform.com\/en\/wp-json\/wp\/v2\/pages\/3374\/revisions"}],"predecessor-version":[{"id":3380,"href":"https:\/\/fizyoform.com\/en\/wp-json\/wp\/v2\/pages\/3374\/revisions\/3380"}],"wp:attachment":[{"href":"https:\/\/fizyoform.com\/en\/wp-json\/wp\/v2\/media?parent=3374"}],"curies":[{"name":"wp","href":"https:\/\/api.w.org\/{rel}","templated":true}]}}