{"id":7383,"date":"2023-08-15T18:18:37","date_gmt":"2023-08-15T15:18:37","guid":{"rendered":"https:\/\/fizyoform.com\/en\/kayropraksi\/"},"modified":"2023-11-02T18:27:40","modified_gmt":"2023-11-02T15:27:40","slug":"chiropractic","status":"publish","type":"page","link":"https:\/\/fizyoform.com\/en\/chiropractic\/","title":{"rendered":"Ch\u0131ropract\u0131c"},"content":{"rendered":"<div  class=\"ivan-custom-wrapper full_width row-no-custom-ptop custom-height \"  style=\"height: 300px;background-image: url(https:\/\/fizyoform.com\/wp-content\/uploads\/2022\/06\/Manuel-Terapi.png);\"><div data-vc-full-width=\"true\" data-vc-full-width-init=\"false\" class=\"vc_row wpb_row vc_row-fluid\">\n\t<div class=\"vc_col-sm-12 wpb_column vc_column_container  vc_custom_1622795436453\"  data-wow-delay=\"0ms\" data-wow-iteration=\"1\" >\n\t\t<div class=\"wpb_wrapper\">\n\t\t\t\n\t<div class=\"wpb_text_column wpb_content_element  vc_custom_1698935526258 vc_1698935526258 \">\n\t\t<div class=\"wpb_wrapper\">\n\t\t\t<p><strong>CHIROPRACTIC<\/strong><\/p>\n\n\t\t<\/div> \n\t<\/div> \n\t<div class=\"wpb_text_column wpb_content_element  vc_1698937748675 \">\n\t\t<div class=\"wpb_wrapper\">\n\t\t\t<p>Chiropractic is a healthcare method that aims to treat bodily pains and functional disorders by using manipulation and adjustment techniques focused on the spine, joints, and nervous system.<\/p>\n\n\t\t<\/div> \n\t<\/div> \n\t\t<\/div> <!-- END .wpb_wrapper -->\n\t<\/div> <!-- END  wpb_column vc_column_container  -->\n<\/div><div class=\"vc_row-full-width\"><\/div><\/div><div  class=\"ivan-custom-wrapper theme_default row-no-custom-ptop \"  style=\"\"><div class=\"vc_row wpb_row vc_row-fluid m-row-reverse\">\n\t<div class=\"vc_col-sm-3 vc_hidden-xs wpb_column vc_column_container \"  data-wow-delay=\"0ms\" data-wow-iteration=\"1\" >\n\t\t<div class=\"wpb_wrapper\">\n\t\t\t\n\t<div class=\"wpb_text_column wpb_content_element  left-menu-icon vc_custom_1654879563473 vc_1654879563473 \">\n\t\t<div class=\"wpb_wrapper\">\n\t\t\t<p>D\u0130\u011eER\u00a0<strong>H\u0130ZMETLER\u0130M\u0130Z<\/strong><\/p>\n\n\t\t<\/div> \n\t<\/div> <div class=\"ivan-widget-area-wrap vc_1654881180262\">\n\t<div class=\"wpb_widgetised_column wpb_content_element box-shadow-wpco\">\n\t\t<div class=\"wpb_wrapper\">\n\t\t\t<div id=\"nav_menu-5\" class=\"widget widget_nav_menu\"><div class=\"menu-sol-menu-ingilizce-container\"><ul id=\"menu-sol-menu-ingilizce\" class=\"menu\"><li id=\"menu-item-2601\" class=\"menu-item menu-item-type-post_type menu-item-object-page menu-item-2601\"><a href=\"https:\/\/fizyoform.com\/en\/pelvic-floor-therapy\/\"><img decoding=\"async\" src=\"\/wp-content\/uploads\/2022\/08\/192.png\" style=\"width:35px;\"> Pelvic Floor Therapy<\/a><\/li>\n<li id=\"menu-item-2602\" class=\"menu-item menu-item-type-post_type menu-item-object-page menu-item-2602\"><a href=\"https:\/\/fizyoform.com\/en\/mens-health\/\"><img decoding=\"async\" src=\"\/wp-content\/uploads\/2022\/08\/192.png\" style=\"width:35px;\"> Men&#8217;s Health<\/a><\/li>\n<li id=\"menu-item-2603\" class=\"menu-item menu-item-type-post_type menu-item-object-page menu-item-2603\"><a href=\"https:\/\/fizyoform.com\/en\/womens-health\/\"><img decoding=\"async\" src=\"\/wp-content\/uploads\/2022\/08\/192.png\" style=\"width:35px;\"> Women&#8217;s Health<\/a><\/li>\n<li id=\"menu-item-2604\" class=\"menu-item menu-item-type-post_type menu-item-object-page menu-item-2604\"><a href=\"https:\/\/fizyoform.com\/en\/skolyoz\/\"><img decoding=\"async\" src=\"\/wp-content\/uploads\/2022\/08\/192.png\" style=\"width:35px;\">Scoliosis Therapy<\/a><\/li>\n<li id=\"menu-item-2605\" class=\"menu-item menu-item-type-post_type menu-item-object-page menu-item-2605\"><a href=\"https:\/\/fizyoform.com\/en\/manual-therapy\/\"><img decoding=\"async\" src=\"\/wp-content\/uploads\/2022\/08\/192.png\" style=\"width:35px;\">Manual Therapy<\/a><\/li>\n<li id=\"menu-item-2606\" class=\"menu-item menu-item-type-post_type menu-item-object-page menu-item-2606\"><a href=\"https:\/\/fizyoform.com\/en\/reformer-pilates\/\"><img decoding=\"async\" src=\"\/wp-content\/uploads\/2022\/08\/192.png\" style=\"width:35px;\">Reformer Pilates<\/a><\/li>\n<li id=\"menu-item-3785\" class=\"menu-item menu-item-type-post_type menu-item-object-page menu-item-3785\"><a href=\"https:\/\/fizyoform.com\/en\/clinical-pilates\/\"><img decoding=\"async\" src=\"\/wp-content\/uploads\/2022\/08\/192.png\" style=\"width:35px;\">Clinical Pilates<\/a><\/li>\n<li id=\"menu-item-3786\" class=\"menu-item menu-item-type-post_type menu-item-object-page menu-item-3786\"><a href=\"https:\/\/fizyoform.com\/en\/lymphedema-therapy\/\"><img decoding=\"async\" src=\"\/wp-content\/uploads\/2022\/08\/192.png\" style=\"width:35px;\">Lymphedema Therapy<\/a><\/li>\n<li id=\"menu-item-3787\" class=\"menu-item menu-item-type-post_type menu-item-object-page menu-item-3787\"><a href=\"https:\/\/fizyoform.com\/en\/online-evaluation\/\"><img decoding=\"async\" src=\"\/wp-content\/uploads\/2022\/08\/192.png\" style=\"width:35px;\">Online Evaluation<\/a><\/li>\n<li id=\"menu-item-3788\" class=\"menu-item menu-item-type-post_type menu-item-object-page menu-item-3788\"><a href=\"https:\/\/fizyoform.com\/en\/pregnancy-pilates\/\"><img decoding=\"async\" src=\"\/wp-content\/uploads\/2022\/08\/192.png\" style=\"width:35px;\">Pregnancy Pilates<\/a><\/li>\n<li id=\"menu-item-3789\" class=\"menu-item menu-item-type-post_type menu-item-object-page menu-item-3789\"><a href=\"https:\/\/fizyoform.com\/en\/sports-injuries\/\"><img decoding=\"async\" src=\"\/wp-content\/uploads\/2022\/08\/192.png\" style=\"width:35px;\">Sports Injuries?<\/a><\/li>\n<\/ul><\/div><\/div>\n\t\t<\/div> \n\t<\/div> <\/div>\n\t\t<\/div> <!-- END .wpb_wrapper -->\n\t<\/div> <!-- END  wpb_column vc_column_container  -->\n\n\t<div class=\"vc_col-sm-9 wpb_column vc_column_container \"  data-wow-delay=\"0ms\">\n\t\t<div class=\"wpb_wrapper\">\n\t\t\t<div   class=\"ivan-custom-wrapper \" style=\"background-image: url(https:\/\/fizyoform.com\/wp-content\/uploads\/2022\/06\/woman-having-physiotherapy-session-clinic-3.jpg);background-position: right center;background-size: auto;\"><div class=\"vc_row wpb_row vc_inner vc_row-fluid vc_custom_1655459508871\">\n\t<div class=\"vc_col-sm-8 wpb_column vc_column_container \"  data-wow-delay=\"0ms\">\n\t\t<div class=\"wpb_wrapper\">\n\t\t\t\n\t<div class=\"wpb_text_column wpb_content_element  vc_1692112970730 \">\n\t\t<div class=\"wpb_wrapper\">\n\t\t\t<p><strong>Kayropraktik Terapi:<\/strong> \u0130\u00e7eri\u011fi, Uygulay\u0131c\u0131lar\u0131, Uygulan\u0131\u015f\u0131 ve Faydalar\u0131<\/p>\n\n\t\t<\/div> \n\t<\/div> \n\t<div class=\"wpb_text_column wpb_content_element  box-shadow-wpco vc_custom_1698937775672 vc_1698937775674 \">\n\t\t<div class=\"wpb_wrapper\">\n\t\t\t<p>Chiropractic Therapy: Content, Practitioners, Application, and Benefits<\/p>\n<p>Chiropractic is a healthcare method that aims to treat bodily pains and functional disorders by using manipulation and adjustment techniques focused on the spine, joints, and nervous system. Originating in the 19th century, chiropractic has become increasingly popular worldwide. This treatment method is often seen as an alternative option to painkillers and surgical interventions.<\/p>\n\n\t\t<\/div> \n\t<\/div> \n\t\t<\/div> <!-- END .wpb_wrapper -->\n\t<\/div> <!-- END  wpb_column vc_column_container  -->\n\n\t<div class=\"vc_col-sm-4 wpb_column vc_column_container \"  data-wow-delay=\"0ms\">\n\t\t<div class=\"wpb_wrapper\">\n\t\t\t\n\t<div class=\"wpb_text_column wpb_content_element  vc_custom_2998 \">\n\t\t<div class=\"wpb_wrapper\">\n\t\t\t<p><\/p>\n\n\t\t<\/div> \n\t<\/div> \n\t\t<\/div> <!-- END .wpb_wrapper -->\n\t<\/div> <!-- END  wpb_column vc_column_container  -->\n<\/div><\/div><!-- .ivan-custom-wrapper -->\n\t\t<\/div> <!-- END .wpb_wrapper -->\n\t<\/div> <!-- END  wpb_column vc_column_container  -->\n<\/div><\/div><div  class=\"ivan-custom-wrapper theme_default row-no-custom-ptop \"  style=\"\"><div class=\"vc_row wpb_row vc_row-fluid\">\n\t<div class=\"vc_col-sm-12 wpb_column vc_column_container \"  data-wow-delay=\"0ms\">\n\t\t<div class=\"wpb_wrapper\">\n\t\t\t<div   class=\"ivan-custom-wrapper \" style=\"background-image: url(https:\/\/fizyoform.com\/wp-content\/uploads\/2022\/06\/woman-having-physiotherapy-session-clinic-1-1.jpg);background-position: right center;background-size: auto;\"><div class=\"vc_row wpb_row vc_inner vc_row-fluid vc_custom_1655459550647\">\n\t<div class=\"vc_col-sm-8 wpb_column vc_column_container \"  data-wow-delay=\"0ms\">\n\t\t<div class=\"wpb_wrapper\">\n\t\t\t\n\t<div class=\"wpb_text_column wpb_content_element  vc_1698937848949 \">\n\t\t<div class=\"wpb_wrapper\">\n\t\t\t<p>Content of <strong>Chiropractic<\/strong><\/p>\n\n\t\t<\/div> \n\t<\/div> \n\t<div class=\"wpb_text_column wpb_content_element  box-shadow-wpco vc_custom_1698937837781 vc_1698937837783 \">\n\t\t<div class=\"wpb_wrapper\">\n\t\t\t<p>Chiropractic therapy utilizes manipulation techniques to restore harmony between the main spine, joints, and muscles in the body. Chiropractors perform gentle or rapid and controlled pressure with their hands to make adjustments to the spine and joints. Through the impact on the nervous system during treatment, they strive to reduce pain and enhance functionality.<\/p>\n\n\t\t<\/div> \n\t<\/div> \n\t<div class=\"wpb_text_column wpb_content_element  vc_1698937862845 \">\n\t\t<div class=\"wpb_wrapper\">\n\t\t\t<p>Who Can Apply?<\/p>\n\n\t\t<\/div> \n\t<\/div> \n\t<div class=\"wpb_text_column wpb_content_element  box-shadow-wpco vc_custom_1698937877435 vc_1698937877435 \">\n\t\t<div class=\"wpb_wrapper\">\n\t\t\t<p>Chiropractic therapy is a specialized field and should be administered by expert chiropractors. Chiropractors are healthcare professionals who have graduated from accredited chiropractic faculties and hold relevant certifications. Throughout their education, they acquire comprehensive knowledge in subjects such as human anatomy, nervous system, spinal structure, and chiropractic techniques. With specialized training, they can create therapy plans tailored to patients&#8217; conditions.<\/p>\n\n\t\t<\/div> \n\t<\/div> \n\t<div class=\"wpb_text_column wpb_content_element  vc_1698937919995 \">\n\t\t<div class=\"wpb_wrapper\">\n\t\t\t<p>Who can receive it?<\/p>\n\n\t\t<\/div> \n\t<\/div> \n\t<div class=\"wpb_text_column wpb_content_element  box-shadow-wpco vc_custom_1698937934012 vc_1698937934012 \">\n\t\t<div class=\"wpb_wrapper\">\n\t\t\t<p>Chiropractic therapy can be applied to individuals with various orthopedic problems and experiencing pain. Most commonly, it is preferred as a treatment option for conditions like lower back pain, neck pain, migraines, headaches, shoulder pain, knee pain, lumbar herniation, and cervical herniation. However, it is important to consult a doctor and be evaluated by an expert chiropractor before undergoing chiropractic treatment. In some cases, chiropractic treatment may not be suitable for individuals with specific health issues.<\/p>\n\n\t\t<\/div> \n\t<\/div> \n\t<div class=\"wpb_text_column wpb_content_element  vc_1698937946931 \">\n\t\t<div class=\"wpb_wrapper\">\n\t\t\t<p>What are the benefits?<\/p>\n\n\t\t<\/div> \n\t<\/div> \n\t<div class=\"wpb_text_column wpb_content_element  box-shadow-wpco vc_custom_1698937979659 vc_1698937979660 \">\n\t\t<div class=\"wpb_wrapper\">\n\t\t\t<p>Chiropractic therapy offers many benefits:<\/p>\n<p>Pain Reduction: Specific manipulation techniques can help alleviate bodily pains.<\/p>\n<p>Increasing Mobility: Joint adjustments and spinal manipulations can be effective in improving mobility and flexibility.<\/p>\n<p>Supporting Nervous System Health: Chiropractic treatment, by positively affecting the nervous system, can assist in regulating neural communication.<\/p>\n<p>Strengthening the Immune System: Proper neural communication in the body can support the healthy functioning of the immune system.<\/p>\n<p>Pain Relief Without Medication or Surgery: Chiropractic treatment can be considered as an alternative to painkillers and aims to alleviate discomfort without the need for surgical intervention.<\/p>\n<p>However, like any medical treatment, chiropractic therapy may have risks, and outcomes can vary from person to person. Therefore, it is important for anyone considering chiropractic treatment to consult an expert chiropractor to determine a plan and protocols tailored to their conditions.<\/p>\n<p>In conclusion, when applied appropriately, chiropractic therapy is an effective alternative medical method that can help alleviate pains and functional disorders. However, as with any medical condition, it is important to seek advice from an expert chiropractor before using this treatment option.<\/p>\n\n\t\t<\/div> \n\t<\/div> \n\t\t<\/div> <!-- END .wpb_wrapper -->\n\t<\/div> <!-- END  wpb_column vc_column_container  -->\n\n\t<div class=\"vc_col-sm-4 wpb_column vc_column_container \"  data-wow-delay=\"0ms\">\n\t\t<div class=\"wpb_wrapper\">\n\t\t\t\n\t<div class=\"wpb_text_column wpb_content_element  vc_1654882142750 \">\n\t\t<div class=\"wpb_wrapper\">\n\t\t\t<p><\/p>\n\n\t\t<\/div> \n\t<\/div> \r\n\t\t\t\r\n\t\t\t\r\n\t\t\t\r\n\t\t\t<div class=\"ivan-button-wrapper btn-inline place-template vc_1654883913041 \"  data-wow-delay=\"0ms\" data-wow-iteration=\"1\" >\r\n\t\t\t\t<a href=\"https:\/\/www.fizyoform.com\/iletisim\/\" class=\"ivan-button     with-text place-template\"><span class=\"text-btn\">\nDaha Fazla Bilgi \u0130\u00e7in\u00a0<b>Bize Ula\u015f\u0131n !<\/b>\n<\/span><\/a>\r\n\t\t\t<\/div>\r\n\r\n\t\t\t\r\n\t\t\t\n\t\t<\/div> <!-- END .wpb_wrapper -->\n\t<\/div> <!-- END  wpb_column vc_column_container  -->\n<\/div><\/div><!-- .ivan-custom-wrapper -->\n\t\t<\/div> <!-- END .wpb_wrapper -->\n\t<\/div> <!-- END  wpb_column vc_column_container  -->\n<\/div><\/div><div  class=\"ivan-custom-wrapper theme_default row-no-custom-ptop \"  style=\"\"><div class=\"vc_row wpb_row vc_row-fluid\">\n\t<div class=\"vc_col-sm-12 wpb_column vc_column_container \"  data-wow-delay=\"0ms\">\n\t\t<div class=\"wpb_wrapper\">\n\t\t\t\n\t<div class=\"wpb_text_column wpb_content_element  vc_custom_1698938333530 vc_1698938333531 \">\n\t\t<div class=\"wpb_wrapper\">\n\t\t\t<p style=\"text-align: center;\"><strong>WE WILL CALL YOU!<br \/>\n<\/strong><\/p>\n\n\t\t<\/div> \n\t<\/div> \n\t<div class=\"wpb_text_column wpb_content_element  vc_1698938344244 \">\n\t\t<div class=\"wpb_wrapper\">\n\t\t\t<p style=\"text-align: center;\">Leave your information, we will call you as soon as possible for detailed information!<\/p>\n\n\t\t<\/div> \n\t<\/div> <div class=\"ivan-vc-separator vc_separator wpb_content_element small\" style=\"background-color: #f1640e;height: 3px;width: 50px;\"><\/div>\n<div role=\"form\" class=\"wpcf7\" id=\"wpcf7-f2608-o1\" lang=\"tr-TR\" dir=\"ltr\">\n<div class=\"screen-reader-response\"><\/div>\n<form action=\"\/en\/wp-json\/wp\/v2\/pages\/7383#wpcf7-f2608-o1\" method=\"post\" class=\"wpcf7-form\" novalidate=\"novalidate\">\n<div style=\"display: none;\">\n<input type=\"hidden\" name=\"_wpcf7\" value=\"2608\" \/>\n<input type=\"hidden\" name=\"_wpcf7_version\" value=\"4.4.2\" \/>\n<input type=\"hidden\" name=\"_wpcf7_locale\" value=\"tr_TR\" \/>\n<input type=\"hidden\" name=\"_wpcf7_unit_tag\" value=\"wpcf7-f2608-o1\" \/>\n<input type=\"hidden\" name=\"_wpnonce\" value=\"08a4d6fac5\" \/>\n<\/div>\n<div class=\"form-style1\"><span class=\"wpcf7-form-control-wrap adsoyad\"><input type=\"text\" name=\"adsoyad\" value=\"\" size=\"40\" class=\"wpcf7-form-control wpcf7-text wpcf7-validates-as-required\" aria-required=\"true\" aria-invalid=\"false\" placeholder=\"Your Name and Surname\" \/><\/span><\/div>\n<div class=\"form-style1\"><span class=\"wpcf7-form-control-wrap telefon\"><input type=\"text\" name=\"telefon\" value=\"\" size=\"40\" class=\"wpcf7-form-control wpcf7-text wpcf7-validates-as-required\" aria-required=\"true\" aria-invalid=\"false\" placeholder=\"Your Telephone Number\" \/><\/span><\/div>\n<div class=\"form-style1\"><span class=\"wpcf7-form-control-wrap email\"><input type=\"text\" name=\"email\" value=\"\" size=\"40\" class=\"wpcf7-form-control wpcf7-text wpcf7-validates-as-required\" aria-required=\"true\" aria-invalid=\"false\" placeholder=\"Your E-mail Address\" \/><\/span><\/div>\n<p><br><\/p>\n<div class=\"form-acceptance\">\n<span class=\"wpcf7-form-control-wrap kvkk\"><input type=\"checkbox\" name=\"kvkk\" value=\"1\" class=\"wpcf7-form-control wpcf7-acceptance\" aria-invalid=\"false\" \/><\/span><\/p>\n<p>Your personal data is collected and processed to contact you. You can read our <a href=\"https:\/\/fizyoform.com\/en\/clarification-text\/\">Clarification Text<\/a> here regarding the processing of personal data.<\/p>\n<\/div>\n<div class=\"recap\">\n<div class=\"wpcf7-form-control-wrap\"><div data-sitekey=\"6LcuU6YpAAAAAGKWHQq45pqlOakGIhTdGZjBpgvJ\" class=\"wpcf7-form-control g-recaptcha wpcf7-recaptcha\"><\/div>\r\n<noscript>\r\n\t<div style=\"width: 302px; height: 422px;\">\r\n\t\t<div style=\"width: 302px; height: 422px; position: relative;\">\r\n\t\t\t<div style=\"width: 302px; height: 422px; position: absolute;\">\r\n\t\t\t\t<iframe src=\"https:\/\/www.google.com\/recaptcha\/api\/fallback?k=6LcuU6YpAAAAAGKWHQq45pqlOakGIhTdGZjBpgvJ\" frameborder=\"0\" scrolling=\"no\" style=\"width: 302px; height:422px; border-style: none;\">\r\n\t\t\t\t<\/iframe>\r\n\t\t\t<\/div>\r\n\t\t\t<div style=\"width: 300px; height: 60px; border-style: none; bottom: 12px; left: 25px; margin: 0px; padding: 0px; right: 25px; background: #f9f9f9; border: 1px solid #c1c1c1; border-radius: 3px;\">\r\n\t\t\t\t<textarea id=\"g-recaptcha-response\" name=\"g-recaptcha-response\" class=\"g-recaptcha-response\" style=\"width: 250px; height: 40px; border: 1px solid #c1c1c1; margin: 10px 25px; padding: 0px; resize: none;\">\r\n\t\t\t\t<\/textarea>\r\n\t\t\t<\/div>\r\n\t\t<\/div>\r\n\t<\/div>\r\n<\/noscript>\r\n<\/div>\n<\/div>\n<p><center>\n<p><input type=\"submit\" value=\"SEND\" class=\"wpcf7-form-control wpcf7-submit\" \/><\/p>\n<p><\/center><\/p>\n<div class=\"wpcf7-response-output wpcf7-display-none\"><\/div><\/form><\/div>\n\t\t<\/div> <!-- END .wpb_wrapper -->\n\t<\/div> <!-- END  wpb_column vc_column_container  -->\n<\/div><\/div>\n","protected":false},"excerpt":{"rendered":"CHIROPRACTIC Chiropractic is a healthcare method that aims to treat bodily pains and functional disorders by using manipulation and adjustment techniques focused on the spine, joints, and nervous system. D\u0130\u011eER\u00a0H\u0130ZMETLER\u0130M\u0130Z Pelvic Floor Therapy Men&#8217;s Health Women&#8217;s Health Scoliosis Therapy Manual Therapy Reformer Pilates Clinical Pilates Lymphedema Therapy Online Evaluation Pregnancy Pilates Sports Injuries? Kayropraktik Terapi: [...]","protected":false},"author":1,"featured_media":0,"parent":0,"menu_order":0,"comment_status":"closed","ping_status":"closed","template":"","meta":{"footnotes":""},"class_list":["post-7383","page","type-page","status-publish","hentry"],"_links":{"self":[{"href":"https:\/\/fizyoform.com\/en\/wp-json\/wp\/v2\/pages\/7383","targetHints":{"allow":["GET"]}}],"collection":[{"href":"https:\/\/fizyoform.com\/en\/wp-json\/wp\/v2\/pages"}],"about":[{"href":"https:\/\/fizyoform.com\/en\/wp-json\/wp\/v2\/types\/page"}],"author":[{"embeddable":true,"href":"https:\/\/fizyoform.com\/en\/wp-json\/wp\/v2\/users\/1"}],"replies":[{"embeddable":true,"href":"https:\/\/fizyoform.com\/en\/wp-json\/wp\/v2\/comments?post=7383"}],"version-history":[{"count":5,"href":"https:\/\/fizyoform.com\/en\/wp-json\/wp\/v2\/pages\/7383\/revisions"}],"predecessor-version":[{"id":7389,"href":"https:\/\/fizyoform.com\/en\/wp-json\/wp\/v2\/pages\/7383\/revisions\/7389"}],"wp:attachment":[{"href":"https:\/\/fizyoform.com\/en\/wp-json\/wp\/v2\/media?parent=7383"}],"curies":[{"name":"wp","href":"https:\/\/api.w.org\/{rel}","templated":true}]}}