{"id":15042,"date":"2023-10-13T14:17:42","date_gmt":"2023-10-13T11:17:42","guid":{"rendered":"https:\/\/fizyoform.com\/ru\/fizyoform-samsun\/"},"modified":"2025-04-09T12:28:10","modified_gmt":"2025-04-09T09:28:10","slug":"fizyoform-samsun","status":"publish","type":"page","link":"https:\/\/fizyoform.com\/ru\/fizyoform-samsun\/","title":{"rendered":"Fizyoform Samsun"},"content":{"rendered":"<div  class=\"ivan-custom-wrapper full_width row-no-custom-ptop custom-height \"  style=\"height: 300px;background-image: url(https:\/\/fizyoform.com\/wp-content\/uploads\/2022\/06\/sube.png);\"><div data-vc-full-width=\"true\" data-vc-full-width-init=\"false\" class=\"vc_row wpb_row vc_row-fluid vc_custom_1656062032187\">\n\t<div class=\"vc_col-sm-12 wpb_column vc_column_container  vc_custom_1655978480903\"  data-wow-delay=\"0ms\" data-wow-iteration=\"1\" >\n\t\t<div class=\"wpb_wrapper\">\n\t\t\t\n\t<div class=\"wpb_text_column wpb_content_element  vc_custom_1697196206516 vc_1697196206517 \">\n\t\t<div class=\"wpb_wrapper\">\n\t\t\t<p>F\u0130ZYOFORM SAMSUN<\/p>\n\n\t\t<\/div> \n\t<\/div> \n\t\t<\/div> <!-- END .wpb_wrapper -->\n\t<\/div> <!-- END  wpb_column vc_column_container  -->\n<\/div><div class=\"vc_row-full-width\"><\/div><\/div><div  class=\"ivan-custom-wrapper theme_default row-no-custom-ptop \"  style=\"background-position: right center;background-size: auto;\"><div data-vc-full-width=\"true\" data-vc-full-width-init=\"false\" class=\"vc_row wpb_row vc_row-fluid\">\n\t<div class=\"vc_col-sm-6 wpb_column vc_column_container \"  data-wow-delay=\"0ms\" data-wow-iteration=\"1\" >\n\t\t<div class=\"wpb_wrapper\">\n\t\t\t\n\t<div class=\"wpb_text_column wpb_content_element  vc_custom_1697196215577 vc_1697196215577 \">\n\t\t<div class=\"wpb_wrapper\">\n\t\t\t<p><strong>F\u0130ZYOFORM SAMSUN<\/strong><\/p>\n\n\t\t<\/div> \n\t<\/div> <div   class=\"ivan-custom-wrapper \" style=\"margin-bottom: 15px !important;\"><div class=\"vc_row wpb_row vc_inner vc_row-fluid\">\n\t<div class=\"vc_col-sm-2 vc_col-xs-2 wpb_column vc_column_container \"  data-wow-delay=\"0ms\">\n\t\t<div class=\"wpb_wrapper\">\n\t\t\t<div\n\tclass=\"vc_icon_element vc_icon_element-outer vc_icon_element-align-center vc_icon_element-have-style\">\n\t<div\n\t\tclass=\"vc_icon_element-inner vc_icon_element-color-custom vc_icon_element-have-style-inner vc_icon_element-size-xs vc_icon_element-style-rounded vc_icon_element-background vc_icon_element-background-color-grey\"><span\n\t\t\tclass=\"vc_icon_element-icon fa fa-map-marker\" style=\"color:#8dc145 !important\"><\/span><\/div>\n<\/div>\n\t\t<\/div> <!-- END .wpb_wrapper -->\n\t<\/div> <!-- END  wpb_column vc_column_container  -->\n\n\t<div class=\"vc_col-sm-10 vc_col-xs-10 wpb_column vc_column_container \"  data-wow-delay=\"0ms\">\n\t\t<div class=\"wpb_wrapper\">\n\t\t\t\n\t<div class=\"wpb_text_column wpb_content_element  vc_custom_1702116993612 vc_1702116993612 \">\n\t\t<div class=\"wpb_wrapper\">\n\t\t\t<p>Atakent Mahallesi, \u0130smet \u0130n\u00f6n\u00fc Bulvar\u0131,\u00a0No:20\/A<br \/>\n<strong>Atakum\/Samsun<\/strong><\/p>\n\n\t\t<\/div> \n\t<\/div> \n\t\t<\/div> <!-- END .wpb_wrapper -->\n\t<\/div> <!-- END  wpb_column vc_column_container  -->\n<\/div><\/div><!-- .ivan-custom-wrapper --><div   class=\"ivan-custom-wrapper \" style=\"margin-bottom: 15px !important;\"><div class=\"vc_row wpb_row vc_inner vc_row-fluid\">\n\t<div class=\"vc_col-sm-2 vc_col-xs-2 wpb_column vc_column_container \"  data-wow-delay=\"0ms\">\n\t\t<div class=\"wpb_wrapper\">\n\t\t\t<div\n\tclass=\"vc_icon_element vc_icon_element-outer vc_icon_element-align-center vc_icon_element-have-style\">\n\t<div\n\t\tclass=\"vc_icon_element-inner vc_icon_element-color-custom vc_icon_element-have-style-inner vc_icon_element-size-xs vc_icon_element-style-rounded vc_icon_element-background vc_icon_element-background-color-grey\"><span\n\t\t\tclass=\"vc_icon_element-icon fa fa-phone\" style=\"color:#8dc145 !important\"><\/span><\/div>\n<\/div>\n\t\t<\/div> <!-- END .wpb_wrapper -->\n\t<\/div> <!-- END  wpb_column vc_column_container  -->\n\n\t<div class=\"vc_col-sm-10 vc_col-xs-10 wpb_column vc_column_container \"  data-wow-delay=\"0ms\">\n\t\t<div class=\"wpb_wrapper\">\n\t\t\t\n\t<div class=\"wpb_text_column wpb_content_element  vc_custom_1701954305553 vc_1701954305554 \">\n\t\t<div class=\"wpb_wrapper\">\n\t\t\t<p><a href=\"tel:+903625028062\">+90 (362) 502 80 62<\/a><br \/>\n<a href=\"tel:+905056688062\">+90 (505) 668 80 62<\/a><\/p>\n\n\t\t<\/div> \n\t<\/div> \n\t\t<\/div> <!-- END .wpb_wrapper -->\n\t<\/div> <!-- END  wpb_column vc_column_container  -->\n<\/div><\/div><!-- .ivan-custom-wrapper --><div   class=\"ivan-custom-wrapper \" style=\"margin-bottom: 15px !important;\"><div class=\"vc_row wpb_row vc_inner vc_row-fluid\">\n\t<div class=\"vc_col-sm-2 vc_col-xs-2 wpb_column vc_column_container \"  data-wow-delay=\"0ms\">\n\t\t<div class=\"wpb_wrapper\">\n\t\t\t<div\n\tclass=\"vc_icon_element vc_icon_element-outer vc_icon_element-align-center vc_icon_element-have-style\">\n\t<div\n\t\tclass=\"vc_icon_element-inner vc_icon_element-color-custom vc_icon_element-have-style-inner vc_icon_element-size-xs vc_icon_element-style-rounded vc_icon_element-background vc_icon_element-background-color-grey\"><span\n\t\t\tclass=\"vc_icon_element-icon fa fa-paper-plane-o\" style=\"color:#8dc145 !important\"><\/span><\/div>\n<\/div>\n\t\t<\/div> <!-- END .wpb_wrapper -->\n\t<\/div> <!-- END  wpb_column vc_column_container  -->\n\n\t<div class=\"vc_col-sm-10 vc_col-xs-10 wpb_column vc_column_container \"  data-wow-delay=\"0ms\">\n\t\t<div class=\"wpb_wrapper\">\n\t\t\t\n\t<div class=\"wpb_text_column wpb_content_element  vc_custom_1697195503343 vc_1697195503343 \">\n\t\t<div class=\"wpb_wrapper\">\n\t\t\t<p><a href=\"mailto:samsun@fizyoform.com\">samsun@fizyoform.com<\/a><\/p>\n\n\t\t<\/div> \n\t<\/div> \n\t\t<\/div> <!-- END .wpb_wrapper -->\n\t<\/div> <!-- END  wpb_column vc_column_container  -->\n<\/div><\/div><!-- .ivan-custom-wrapper -->\n\t\t<\/div> <!-- END .wpb_wrapper -->\n\t<\/div> <!-- END  wpb_column vc_column_container  -->\n\n\t<div class=\"vc_col-sm-6 wpb_column vc_column_container \" style=\"color:#333333;\"  data-wow-delay=\"0ms\" data-wow-iteration=\"1\" >\n\t\t<div class=\"wpb_wrapper\">\n\t\t\t\n\t<div class=\"wpb_text_column wpb_content_element  vc_custom_1655983485956 vc_1655983485956 \">\n\t\t<div class=\"wpb_wrapper\">\n\t\t\t<p><strong>HAR\u0130TA<\/strong><\/p>\n\n\t\t<\/div> \n\t<\/div> <div class=\"wpb_gmaps_widget wpb_content_element\">\n\t<div class=\"wpb_wrapper\">\n\t<div class=\"wpb_map_wraper\">\n\t\t<iframe src=\"https:\/\/www.google.com\/maps\/embed?pb=!1m17!1m12!1m3!1d2995.630046787667!2d36.251190176057165!3d41.33865737130613!2m3!1f0!2f0!3f0!3m2!1i1024!2i768!4f13.1!3m2!1m1!2zNDHCsDIwJzE5LjIiTiAzNsKwMTUnMTMuNiJF!5e0!3m2!1str!2str!4v1697195140462!5m2!1str!2str\" width=\"600\" height=\"300\" style=\"border:0;\" allowfullscreen=\"\" loading=\"lazy\" referrerpolicy=\"no-referrer-when-downgrade\"><\/iframe>\t<\/div>\n\t<\/div>\t<\/div>\n\t\t<\/div> <!-- END .wpb_wrapper -->\n\t<\/div> <!-- END  wpb_column vc_column_container  -->\n<\/div><div class=\"vc_row-full-width\"><\/div><\/div><div  class=\"ivan-custom-wrapper theme_default row-no-custom-ptop \"  style=\"\"><div class=\"vc_row wpb_row vc_row-fluid\">\n\t<div class=\"vc_col-sm-12 wpb_column vc_column_container \"  data-wow-delay=\"0ms\">\n\t\t<div class=\"wpb_wrapper\">\n\t\t\t\n\t<div class=\"wpb_text_column wpb_content_element  vc_custom_1654882682548 vc_1654882682548 \">\n\t\t<div class=\"wpb_wrapper\">\n\t\t\t<p style=\"text-align: center;\"><strong>S\u0130Z\u0130 ARAYALIM !<br \/>\n<\/strong><\/p>\n\n\t\t<\/div> \n\t<\/div> \n\t<div class=\"wpb_text_column wpb_content_element  vc_1654884009128 \">\n\t\t<div class=\"wpb_wrapper\">\n\t\t\t<p style=\"text-align: center;\">Bilgilerinizi b\u0131rak\u0131n, detayl\u0131 bilgi i\u00e7in en k\u0131sa s\u00fcrede sizi arayal\u0131m !<\/p>\n\n\t\t<\/div> \n\t<\/div> <div class=\"ivan-vc-separator vc_separator wpb_content_element small\" style=\"background-color: #f1640e;height: 3px;width: 50px;\"><\/div>\n<div role=\"form\" class=\"wpcf7\" id=\"wpcf7-f7954-o1\" lang=\"tr-TR\" dir=\"ltr\">\n<div class=\"screen-reader-response\"><\/div>\n<form action=\"\/ru\/wp-json\/wp\/v2\/pages\/15042#wpcf7-f7954-o1\" method=\"post\" class=\"wpcf7-form\" novalidate=\"novalidate\">\n<div style=\"display: none;\">\n<input type=\"hidden\" name=\"_wpcf7\" value=\"7954\" \/>\n<input type=\"hidden\" name=\"_wpcf7_version\" value=\"4.4.2\" \/>\n<input type=\"hidden\" name=\"_wpcf7_locale\" value=\"tr_TR\" \/>\n<input type=\"hidden\" name=\"_wpcf7_unit_tag\" value=\"wpcf7-f7954-o1\" \/>\n<input type=\"hidden\" name=\"_wpnonce\" value=\"ac29261329\" \/>\n<\/div>\n<div class=\"form-style1\"><span class=\"wpcf7-form-control-wrap adsoyad\"><input type=\"text\" name=\"adsoyad\" value=\"\" size=\"40\" class=\"wpcf7-form-control wpcf7-text wpcf7-validates-as-required\" aria-required=\"true\" aria-invalid=\"false\" placeholder=\"Ad\u0131n\u0131z \/ Soyad\u0131n\u0131z\" \/><\/span><\/div>\n<div class=\"form-style1\"><span class=\"wpcf7-form-control-wrap telefon\"><input type=\"text\" name=\"telefon\" value=\"\" size=\"40\" class=\"wpcf7-form-control wpcf7-text wpcf7-validates-as-required\" aria-required=\"true\" aria-invalid=\"false\" placeholder=\"Telefon Numaran\u0131z ?\" \/><\/span><\/div>\n<div class=\"form-style1\"><span class=\"wpcf7-form-control-wrap email\"><input type=\"text\" name=\"email\" value=\"\" size=\"40\" class=\"wpcf7-form-control wpcf7-text wpcf7-validates-as-required\" aria-required=\"true\" aria-invalid=\"false\" placeholder=\"E Mail Adresiniz ?\" \/><\/span><\/div>\n<p><br><\/p>\n<div class=\"form-acceptance\">\n<span class=\"wpcf7-form-control-wrap kvkk\"><input type=\"checkbox\" name=\"kvkk\" value=\"1\" class=\"wpcf7-form-control wpcf7-acceptance\" aria-invalid=\"false\" \/><\/span><\/p>\n<p>Ki\u015fisel verileriniz sizinle irtibat kurmak i\u00e7in al\u0131nmakta ve i\u015flenmektedir. Ki\u015fisel verilerin i\u015flenmesine ili\u015fkin <a href=\"\/aydinlanma-metni\">Ayd\u0131nlatma Metnimizi<\/a> buradan okuyabilirsiniz.<\/p>\n<\/div>\n<div class=\"recap\">\n<div class=\"wpcf7-form-control-wrap\"><div data-sitekey=\"6LcuU6YpAAAAAGKWHQq45pqlOakGIhTdGZjBpgvJ\" class=\"wpcf7-form-control g-recaptcha wpcf7-recaptcha\"><\/div>\r\n<noscript>\r\n\t<div style=\"width: 302px; height: 422px;\">\r\n\t\t<div style=\"width: 302px; height: 422px; position: relative;\">\r\n\t\t\t<div style=\"width: 302px; height: 422px; position: absolute;\">\r\n\t\t\t\t<iframe src=\"https:\/\/www.google.com\/recaptcha\/api\/fallback?k=6LcuU6YpAAAAAGKWHQq45pqlOakGIhTdGZjBpgvJ\" frameborder=\"0\" scrolling=\"no\" style=\"width: 302px; height:422px; border-style: none;\">\r\n\t\t\t\t<\/iframe>\r\n\t\t\t<\/div>\r\n\t\t\t<div style=\"width: 300px; height: 60px; border-style: none; bottom: 12px; left: 25px; margin: 0px; padding: 0px; right: 25px; background: #f9f9f9; border: 1px solid #c1c1c1; border-radius: 3px;\">\r\n\t\t\t\t<textarea id=\"g-recaptcha-response\" name=\"g-recaptcha-response\" class=\"g-recaptcha-response\" style=\"width: 250px; height: 40px; border: 1px solid #c1c1c1; margin: 10px 25px; padding: 0px; resize: none;\">\r\n\t\t\t\t<\/textarea>\r\n\t\t\t<\/div>\r\n\t\t<\/div>\r\n\t<\/div>\r\n<\/noscript>\r\n<\/div>\n<\/div>\n<p><center>\n<p><input type=\"submit\" value=\"G\u00f6nder\" class=\"wpcf7-form-control wpcf7-submit\" \/><\/p>\n<p><\/center><\/p>\n<div class=\"wpcf7-response-output wpcf7-display-none\"><\/div><\/form><\/div>\n\t\t<\/div> <!-- END .wpb_wrapper -->\n\t<\/div> <!-- END  wpb_column vc_column_container  -->\n<\/div><\/div><div  class=\"ivan-custom-wrapper theme_default row-no-custom-ptop \"  style=\"\"><div class=\"vc_row wpb_row vc_row-fluid\">\n\t<div class=\"vc_col-sm-12 wpb_column vc_column_container \"  data-wow-delay=\"0ms\">\n\t\t<div class=\"wpb_wrapper\">\n\t\t\t\n\t<div class=\"wpb_text_column wpb_content_element  vc_1655978042474 \">\n\t\t<div class=\"wpb_wrapper\">\n\t\t\t<p>BU \u015eUBEDEK\u0130\u00a0<strong>H\u0130ZMETLER\u0130M\u0130Z<\/strong><\/p>\n\n\t\t<\/div> \n\t<\/div> <div   class=\"ivan-custom-wrapper \" style=\"\"><div class=\"vc_row wpb_row vc_inner vc_row-fluid\">\n\t<div class=\"vc_col-sm-6 wpb_column vc_column_container \"  data-wow-delay=\"0ms\">\n\t\t<div class=\"wpb_wrapper\">\n\t\t\t\n\t<div class=\"wpb_text_column wpb_content_element  vc_1717401510785 \">\n\t\t<div class=\"wpb_wrapper\">\n\t\t\t<ul>\n<li>Reformer Pilates<\/li>\n<li>Klinik Pilates<\/li>\n<li>Hamile Pilatesi<\/li>\n<li>Manuel Uygulamalar<\/li>\n<li>Kad\u0131n Sa\u011fl\u0131\u011f\u0131<\/li>\n<li>Erkek Sa\u011fl\u0131\u011f\u0131<\/li>\n<\/ul>\n\n\t\t<\/div> \n\t<\/div> \n\t\t<\/div> <!-- END .wpb_wrapper -->\n\t<\/div> <!-- END  wpb_column vc_column_container  -->\n\n\t<div class=\"vc_col-sm-6 wpb_column vc_column_container \"  data-wow-delay=\"0ms\">\n\t\t<div class=\"wpb_wrapper\">\n\t\t\t\n\t<div class=\"wpb_text_column wpb_content_element  vc_1717401555181 \">\n\t\t<div class=\"wpb_wrapper\">\n\t\t\t<ul>\n<li>Pelvik Taban Rehabilitasyonu<\/li>\n<li>Schroth (Skolyoz) Terapisi<\/li>\n<li>Ki\u015fiye \u00d6zel Egzersiz<\/li>\n<\/ul>\n\n\t\t<\/div> \n\t<\/div> \n\t\t<\/div> <!-- END .wpb_wrapper -->\n\t<\/div> <!-- END  wpb_column vc_column_container  -->\n<\/div><\/div><!-- .ivan-custom-wrapper -->\n\t\t<\/div> <!-- END .wpb_wrapper -->\n\t<\/div> <!-- END  wpb_column vc_column_container  -->\n<\/div><\/div><div  class=\"ivan-custom-wrapper theme_default row-no-custom-ptop \"  style=\"\"><div class=\"vc_row wpb_row vc_row-fluid\">\n\t<div class=\"vc_col-sm-12 wpb_column vc_column_container \"  data-wow-delay=\"0ms\">\n\t\t<div class=\"wpb_wrapper\">\n\t\t\t\n\t<div class=\"wpb_text_column wpb_content_element  vc_custom_1655978865991 vc_1655978865991 \">\n\t\t<div class=\"wpb_wrapper\">\n\t\t\t<p><b>EK\u0130B\u0130M\u0130Z<\/b><\/p>\n\n\t\t<\/div> \n\t<\/div> \n\t<div class=\"wpb_single_image wpb_content_element vc_align_center\">\n\t\t<div class=\"wpb_wrapper\">\n\t\t\t\n\t\t\t<img loading=\"lazy\" decoding=\"async\" width=\"7952\" height=\"4472\" src=\"https:\/\/fizyoform.com\/wp-content\/uploads\/2023\/10\/DSC4689.jpg\" class=\"attachment-full\" alt=\"\" srcset=\"https:\/\/fizyoform.com\/wp-content\/uploads\/2023\/10\/DSC4689.jpg 7952w, https:\/\/fizyoform.com\/wp-content\/uploads\/2023\/10\/DSC4689-480x270.jpg 480w, https:\/\/fizyoform.com\/wp-content\/uploads\/2023\/10\/DSC4689-768x432.jpg 768w, https:\/\/fizyoform.com\/wp-content\/uploads\/2023\/10\/DSC4689-1200x675.jpg 1200w, https:\/\/fizyoform.com\/wp-content\/uploads\/2023\/10\/DSC4689-780x439.jpg 780w, https:\/\/fizyoform.com\/wp-content\/uploads\/2023\/10\/DSC4689-880x495.jpg 880w\" sizes=\"auto, (max-width: 7952px) 100vw, 7952px\" \/>\n\t\t<\/div> \n\t<\/div> \n\t\t<\/div> <!-- END .wpb_wrapper -->\n\t<\/div> <!-- END  wpb_column vc_column_container  -->\n<\/div><\/div>\n","protected":false},"excerpt":{"rendered":"F\u0130ZYOFORM SAMSUN F\u0130ZYOFORM SAMSUN Atakent Mahallesi, \u0130smet \u0130n\u00f6n\u00fc Bulvar\u0131,\u00a0No:20\/A Atakum\/Samsun +90 (362) 502 80 62 +90 (505) 668 80 62 samsun@fizyoform.com HAR\u0130TA S\u0130Z\u0130 ARAYALIM ! Bilgilerinizi b\u0131rak\u0131n, detayl\u0131 bilgi i\u00e7in en k\u0131sa s\u00fcrede sizi arayal\u0131m ! Ki\u015fisel verileriniz sizinle irtibat kurmak i\u00e7in al\u0131nmakta ve i\u015flenmektedir. Ki\u015fisel verilerin i\u015flenmesine ili\u015fkin Ayd\u0131nlatma Metnimizi buradan okuyabilirsiniz. BU \u015eUBEDEK\u0130\u00a0H\u0130ZMETLER\u0130M\u0130Z [...]","protected":false},"author":1,"featured_media":0,"parent":0,"menu_order":0,"comment_status":"closed","ping_status":"closed","template":"","meta":{"footnotes":""},"class_list":["post-15042","page","type-page","status-publish","hentry"],"_links":{"self":[{"href":"https:\/\/fizyoform.com\/ru\/wp-json\/wp\/v2\/pages\/15042","targetHints":{"allow":["GET"]}}],"collection":[{"href":"https:\/\/fizyoform.com\/ru\/wp-json\/wp\/v2\/pages"}],"about":[{"href":"https:\/\/fizyoform.com\/ru\/wp-json\/wp\/v2\/types\/page"}],"author":[{"embeddable":true,"href":"https:\/\/fizyoform.com\/ru\/wp-json\/wp\/v2\/users\/1"}],"replies":[{"embeddable":true,"href":"https:\/\/fizyoform.com\/ru\/wp-json\/wp\/v2\/comments?post=15042"}],"version-history":[{"count":2,"href":"https:\/\/fizyoform.com\/ru\/wp-json\/wp\/v2\/pages\/15042\/revisions"}],"predecessor-version":[{"id":29799,"href":"https:\/\/fizyoform.com\/ru\/wp-json\/wp\/v2\/pages\/15042\/revisions\/29799"}],"wp:attachment":[{"href":"https:\/\/fizyoform.com\/ru\/wp-json\/wp\/v2\/media?parent=15042"}],"curies":[{"name":"wp","href":"https:\/\/api.w.org\/{rel}","templated":true}]}}